{"id":615701,"date":"2025-08-17T17:55:42","date_gmt":"2025-08-17T15:55:42","guid":{"rendered":"https:\/\/lucacastelli.com\/prodotto\/protos-inuit-teddy-weste-fuer-frauen-2\/"},"modified":"2025-08-17T17:55:42","modified_gmt":"2025-08-17T15:55:42","slug":"protos-inuit-teddy-weste-fuer-frauen-2","status":"publish","type":"product","link":"https:\/\/lucacastelli.com\/de\/produkt\/protos-inuit-teddy-weste-fuer-frauen-2\/","title":{"rendered":"Protos Inuit Teddy Weste f\u00fcr Frauen"},"content":{"rendered":"<p>Die Protos Inuit Teddy Women&#8217;s Weste ist glatt gestrickt und hat eine schmutzabweisende Funktion. Die Innenseite der Weste ist mit weichem, hoch atmungsaktivem, thermischem Fell gef\u00fcttert. Auf beiden Seiten befinden sich das patentierte Zipp2Zipp\u00ae Taschensystem, Seitentaschen und extra tiefe Innentaschen. Der hohe, weiche Kragen und der verl\u00e4ngerte R\u00fccken sch\u00fctzen den Hals- und Lendenbereich vor Wind und K\u00e4lte. Die Protos\u00ae Inuit Teddy Weste ist auch als Jacke erh\u00e4ltlich.<br \/>\n-Patentiertes Zipp2Zipp\u00ae Taschensystem<br \/>\n-Hochelastisches, schmutzabweisendes Strickgewebe<br \/>\n-Weiches, thermisches Softfell, gef\u00fctterter hoher Kragen<br \/>\n&#8211; PrimaLoft\u00ae Gold Wattierung im vorderen Schulterbereich<br \/>\n&#8211; Extratiefe Innentaschen<br \/>\n&#8211; Reflektierendes 3CON\u00ae auf dem R\u00fccken<br \/>\n&#8211; Seitlicher Rei\u00dfverschluss f\u00fcr eine flexible Passform    <\/p>\n<p>Material:<br \/>\nAu\u00dfenmaterial und Futter: 100% Polyester<br \/>\nVorderer Schulterbereich: 100% PrimaLoft\u00ae Gold Wattierung<\/p>\n","protected":false},"excerpt":{"rendered":"<p>Die Protos Inuit Teddy Women&#8217;s Weste ist glatt gestrickt und hat eine schmutzabweisende Funktion. Die Innenseite der Weste ist mit<\/p>\n","protected":false},"featured_media":615128,"template":"","meta":{"_seopress_robots_primary_cat":"none","_seopress_titles_title":"","_seopress_titles_desc":"","_seopress_robots_index":""},"product_brand":[3458,4381],"product_cat":[21,284,189,200],"product_tag":[],"class_list":{"0":"post-615701","1":"product","2":"type-product","3":"status-publish","4":"has-post-thumbnail","6":"product_brand-pfanner","7":"product_brand-protos","8":"product_cat-abbigliamento","9":"product_cat-abbigliamento-da-lavoro","10":"product_cat-abbigliamento-per-il-tempo-libero","11":"product_cat-abbigliamento-da-donna","12":"sws-gruppo-no-gruppo-de","13":"sws-conto-ricavi-merci-rivendita-abbigliamento-de","14":"sws-gruppo-iva-iva81-de","16":"first","17":"instock","18":"shipping-taxable","19":"purchasable","20":"product-type-variable","21":"has-default-attributes"},"_links":{"self":[{"href":"https:\/\/lucacastelli.com\/de\/wp-json\/wp\/v2\/product\/615701","targetHints":{"allow":["GET"]}}],"collection":[{"href":"https:\/\/lucacastelli.com\/de\/wp-json\/wp\/v2\/product"}],"about":[{"href":"https:\/\/lucacastelli.com\/de\/wp-json\/wp\/v2\/types\/product"}],"wp:featuredmedia":[{"embeddable":true,"href":"https:\/\/lucacastelli.com\/de\/wp-json\/wp\/v2\/media\/615128"}],"wp:attachment":[{"href":"https:\/\/lucacastelli.com\/de\/wp-json\/wp\/v2\/media?parent=615701"}],"wp:term":[{"taxonomy":"product_brand","embeddable":true,"href":"https:\/\/lucacastelli.com\/de\/wp-json\/wp\/v2\/product_brand?post=615701"},{"taxonomy":"product_cat","embeddable":true,"href":"https:\/\/lucacastelli.com\/de\/wp-json\/wp\/v2\/product_cat?post=615701"},{"taxonomy":"product_tag","embeddable":true,"href":"https:\/\/lucacastelli.com\/de\/wp-json\/wp\/v2\/product_tag?post=615701"}],"curies":[{"name":"wp","href":"https:\/\/api.w.org\/{rel}","templated":true}]}}