{"id":615613,"date":"2025-08-17T17:55:49","date_gmt":"2025-08-17T15:55:49","guid":{"rendered":"https:\/\/lucacastelli.com\/prodotto\/protos-inuit-teddy-weste-fuer-frauen\/"},"modified":"2026-04-14T12:56:51","modified_gmt":"2026-04-14T10:56:51","slug":"protos-inuit-teddy-weste-fuer-frauen","status":"publish","type":"product","link":"https:\/\/lucacastelli.com\/de\/produkt\/protos-inuit-teddy-weste-fuer-frauen\/","title":{"rendered":"Protos\u00ae Inuit Teddy Damenweste"},"content":{"rendered":"<p>Die PROTOS\u00ae Inuit Teddy Damenweste ist glatt gestrickt und schmutzabweisend. Die Innenseite der Weste ist mit einem weichen, hoch atmungsaktiven Thermofell gef\u00fcttert. Beidseitig befinden sich das patentierte Zipp2Zipp\u00ae Taschensystem, Seitentaschen und extra tiefe Innentaschen. Der weiche Stehkragen und die verl\u00e4ngerte R\u00fcckenpartie sch\u00fctzen Nacken und Lendenbereich vor Wind und K\u00e4lte. Die PROTOS\u00ae Inuit Teddy Weste ist auch als Jacke erh\u00e4ltlich.<br \/>\n-Zipp2Zipp\u00ae Taschensystem<br \/>\n-Hochelastisches, schmutzabweisendes Strickgewebe<br \/>\n-Weiches, flauschiges Thermofell, gef\u00fctterter Stehkragen<br \/>\n&#8211; PrimaLoft\u00ae Gold Wattierung im vorderen Schulterbereich<br \/>\n&#8211; Extra tiefe Innentaschen<br \/>\n&#8211; 3CON\u00ae Reflex auf dem R\u00fccken<br \/>\n&#8211; Seitlicher Rei\u00dfverschluss f\u00fcr flexible Passform    <\/p>\n<p>Material:<br \/>\nObermaterial und Futter: 100 % Polyester<br \/>\nVorderer Schulterbereich: 100 % PrimaLoft\u00ae Gold Wattierung<\/p>\n","protected":false},"excerpt":{"rendered":"<p>Die PROTOS\u00ae Inuit Teddy Damenweste ist glatt gestrickt und schmutzabweisend. Die Innenseite der Weste ist mit einem weichen, hoch atmungsaktiven<\/p>\n","protected":false},"featured_media":615132,"template":"","meta":{"_seopress_robots_primary_cat":"none","_seopress_titles_title":"","_seopress_titles_desc":"","_seopress_robots_index":""},"product_brand":[3458,4381],"product_cat":[21,284,189,200],"product_tag":[],"class_list":{"0":"post-615613","1":"product","2":"type-product","3":"status-publish","4":"has-post-thumbnail","6":"product_brand-pfanner","7":"product_brand-protos","8":"product_cat-abbigliamento","9":"product_cat-abbigliamento-da-lavoro","10":"product_cat-abbigliamento-per-il-tempo-libero","11":"product_cat-abbigliamento-da-donna","12":"sws-gruppo-no-gruppo-de","13":"sws-conto-ricavi-merci-rivendita-abbigliamento-de","14":"sws-gruppo-iva-iva81-de","16":"first","17":"instock","18":"shipping-taxable","19":"purchasable","20":"product-type-variable","21":"has-default-attributes"},"_links":{"self":[{"href":"https:\/\/lucacastelli.com\/de\/wp-json\/wp\/v2\/product\/615613","targetHints":{"allow":["GET"]}}],"collection":[{"href":"https:\/\/lucacastelli.com\/de\/wp-json\/wp\/v2\/product"}],"about":[{"href":"https:\/\/lucacastelli.com\/de\/wp-json\/wp\/v2\/types\/product"}],"wp:featuredmedia":[{"embeddable":true,"href":"https:\/\/lucacastelli.com\/de\/wp-json\/wp\/v2\/media\/615132"}],"wp:attachment":[{"href":"https:\/\/lucacastelli.com\/de\/wp-json\/wp\/v2\/media?parent=615613"}],"wp:term":[{"taxonomy":"product_brand","embeddable":true,"href":"https:\/\/lucacastelli.com\/de\/wp-json\/wp\/v2\/product_brand?post=615613"},{"taxonomy":"product_cat","embeddable":true,"href":"https:\/\/lucacastelli.com\/de\/wp-json\/wp\/v2\/product_cat?post=615613"},{"taxonomy":"product_tag","embeddable":true,"href":"https:\/\/lucacastelli.com\/de\/wp-json\/wp\/v2\/product_tag?post=615613"}],"curies":[{"name":"wp","href":"https:\/\/api.w.org\/{rel}","templated":true}]}}