{"id":614780,"date":"2025-08-17T15:33:13","date_gmt":"2025-08-17T13:33:13","guid":{"rendered":"https:\/\/lucacastelli.com\/prodotto\/arbortec-breatheflex-pro-schnittschutzhose\/"},"modified":"2026-03-02T23:22:00","modified_gmt":"2026-03-02T22:22:00","slug":"arbortec-breatheflex-pro-schnittschutzhose","status":"publish","type":"product","link":"https:\/\/lucacastelli.com\/de\/produkt\/arbortec-breatheflex-pro-schnittschutzhose\/","title":{"rendered":"ARBORTEC BREATHEFLEX PRO Schnittschutzhose"},"content":{"rendered":"<p>PRODUKTBESCHREIBUNG:<br \/>\nBei der Breatheflex Pro Hose dreht sich alles um Gewicht und Leistung. Dank des hochfesten Polymers k\u00f6nnen wir garantieren, dass diese Hose dich gut sch\u00fctzt und dir trotzdem die n\u00f6tige Flexibilit\u00e4t bietet, um dich am Arbeitsplatz und in den Baumkronen m\u00fchelos zu bewegen. <\/p>\n<p>Die Hose hat ein unglaublich strapazierf\u00e4higes, abriebfestes Panel auf der Vorderseite und am Kn\u00f6chel. Das Material ist mit Kevlarfasern gewebt, die es extrem widerstandsf\u00e4hig gegen St\u00f6\u00dfe und Kratzer von B\u00e4umen und allt\u00e4glichem Schmutz machen. <\/p>\n<p>Der Schritt besteht aus Kevlar, damit er nicht rei\u00dft, und aus unglaublich elastischem Material, das maximale Bewegungsfreiheit und Flexibilit\u00e4t auf dem Baum erm\u00f6glicht.<\/p>\n<p>Aufgrund von Kundenr\u00fcckmeldungen wurde die Hose mit einem NEUEN Futter ausgestattet, das unvergleichlichen Komfort bietet und keine S\u00e4gesp\u00e4ne oder Beinhaare mehr im Material der Hosenbeine einschlie\u00dft.<\/p>\n<p>EIGENSCHAFTEN UND VORTEILE:<br \/>\nVerstellbarer G\u00fcrtel.<br \/>\nNierenschutz auf der R\u00fcckseite der Hose f\u00fcr Hosentr\u00e4ger.<br \/>\nElastische Haken unten an der Hose, um sie an den Schn\u00fcrsenkeln zu befestigen.<br \/>\nYKK-Rei\u00dfverschl\u00fcsse an allen Taschen mit versiegelten N\u00e4hten.<br \/>\nBel\u00fcftungs\u00f6ffnungen auf der R\u00fcckseite der Hose (nur Modell A).<br \/>\nErh\u00e4ltlich in verschiedenen Farben.<br \/>\nHose Modell A (Schnittschutz nur auf der Vorderseite der Beine) Schutz ist Klasse 1 (20 m\/s). EN381-5 Klasse 1 (20 m\/s) Modell A.<br \/>\nErh\u00e4ltlich mit kurzem und langem Bein. <\/p>\n","protected":false},"excerpt":{"rendered":"<p>PRODUKTBESCHREIBUNG: Bei der Breatheflex Pro Hose dreht sich alles um Gewicht und Leistung. Dank des hochfesten Polymers k\u00f6nnen wir garantieren,<\/p>\n","protected":false},"featured_media":614711,"template":"","meta":{"_seopress_robots_primary_cat":"none","_seopress_titles_title":"","_seopress_titles_desc":"","_seopress_robots_index":""},"product_brand":[3611],"product_cat":[1382,82],"product_tag":[5804],"class_list":{"0":"post-614780","1":"product","2":"type-product","3":"status-publish","4":"has-post-thumbnail","6":"product_brand-arbortec-de-2","7":"product_cat-arbeitskleidung","8":"product_cat-kleidung","9":"product_tag-luzern2025","10":"sws-gruppo-abb-libero-de","11":"sws-categoria-sito-de","12":"sws-conto-ricavi-merci-rivendita-abbigliamento-de","13":"sws-gruppo-iva-iva81-de","15":"first","16":"instock","17":"shipping-taxable","18":"purchasable","19":"product-type-variable","20":"has-default-attributes"},"_links":{"self":[{"href":"https:\/\/lucacastelli.com\/de\/wp-json\/wp\/v2\/product\/614780","targetHints":{"allow":["GET"]}}],"collection":[{"href":"https:\/\/lucacastelli.com\/de\/wp-json\/wp\/v2\/product"}],"about":[{"href":"https:\/\/lucacastelli.com\/de\/wp-json\/wp\/v2\/types\/product"}],"wp:featuredmedia":[{"embeddable":true,"href":"https:\/\/lucacastelli.com\/de\/wp-json\/wp\/v2\/media\/614711"}],"wp:attachment":[{"href":"https:\/\/lucacastelli.com\/de\/wp-json\/wp\/v2\/media?parent=614780"}],"wp:term":[{"taxonomy":"product_brand","embeddable":true,"href":"https:\/\/lucacastelli.com\/de\/wp-json\/wp\/v2\/product_brand?post=614780"},{"taxonomy":"product_cat","embeddable":true,"href":"https:\/\/lucacastelli.com\/de\/wp-json\/wp\/v2\/product_cat?post=614780"},{"taxonomy":"product_tag","embeddable":true,"href":"https:\/\/lucacastelli.com\/de\/wp-json\/wp\/v2\/product_tag?post=614780"}],"curies":[{"name":"wp","href":"https:\/\/api.w.org\/{rel}","templated":true}]}}