{"id":614765,"date":"2025-08-17T15:22:49","date_gmt":"2025-08-17T13:22:49","guid":{"rendered":"https:\/\/lucacastelli.com\/prodotto\/arbortec-breatheflex-pro-arbeitsjacke-3\/"},"modified":"2026-03-02T16:15:43","modified_gmt":"2026-03-02T15:15:43","slug":"arbortec-breatheflex-pro-arbeitsjacke-3","status":"publish","type":"product","link":"https:\/\/lucacastelli.com\/de\/produkt\/arbortec-breatheflex-pro-arbeitsjacke-3\/","title":{"rendered":"Arbortec Breatheflex Pro Arbeitsjacke"},"content":{"rendered":"<p>PRODUKTBESCHREIBUNG:<br \/>\nDie Breatheflex Pro Jacke wurde f\u00fcr die k\u00e4lteren Monate des Jahres entwickelt und verf\u00fcgt \u00fcber ein Innenfutter. Die Jacke ist leicht, atmungsaktiv und mit vorgeformten Ellenbogen ausgestattet. Die abriebfesten Materialien bieten mehr Bewegungsfreiheit f\u00fcr einfacheres Arbeiten auf der Baustelle.<br \/>\nEIGENSCHAFTEN:<br \/>\nAbnehmbare \u00c4rmel mit Rei\u00dfverschluss.<br \/>\nTiefe Vordertaschen.<br \/>\nBrusttaschen.<br \/>\nInnentaschen.  <\/p>\n","protected":false},"excerpt":{"rendered":"<p>PRODUKTBESCHREIBUNG: Die Breatheflex Pro Jacke wurde f\u00fcr die k\u00e4lteren Monate des Jahres entwickelt und verf\u00fcgt \u00fcber ein Innenfutter. Die Jacke<\/p>\n","protected":false},"featured_media":614694,"template":"","meta":{"_seopress_robots_primary_cat":"none","_seopress_titles_title":"","_seopress_titles_desc":"","_seopress_robots_index":""},"product_brand":[3611],"product_cat":[1382,82],"product_tag":[5804],"class_list":{"0":"post-614765","1":"product","2":"type-product","3":"status-publish","4":"has-post-thumbnail","6":"product_brand-arbortec-de-2","7":"product_cat-arbeitskleidung","8":"product_cat-kleidung","9":"product_tag-luzern2025","10":"sws-gruppo-abb-libero-de","11":"sws-categoria-sito-de","12":"sws-conto-ricavi-merci-rivendita-abbigliamento-de","13":"sws-gruppo-iva-iva81-de","15":"first","16":"instock","17":"shipping-taxable","18":"purchasable","19":"product-type-variable","20":"has-default-attributes"},"_links":{"self":[{"href":"https:\/\/lucacastelli.com\/de\/wp-json\/wp\/v2\/product\/614765","targetHints":{"allow":["GET"]}}],"collection":[{"href":"https:\/\/lucacastelli.com\/de\/wp-json\/wp\/v2\/product"}],"about":[{"href":"https:\/\/lucacastelli.com\/de\/wp-json\/wp\/v2\/types\/product"}],"wp:featuredmedia":[{"embeddable":true,"href":"https:\/\/lucacastelli.com\/de\/wp-json\/wp\/v2\/media\/614694"}],"wp:attachment":[{"href":"https:\/\/lucacastelli.com\/de\/wp-json\/wp\/v2\/media?parent=614765"}],"wp:term":[{"taxonomy":"product_brand","embeddable":true,"href":"https:\/\/lucacastelli.com\/de\/wp-json\/wp\/v2\/product_brand?post=614765"},{"taxonomy":"product_cat","embeddable":true,"href":"https:\/\/lucacastelli.com\/de\/wp-json\/wp\/v2\/product_cat?post=614765"},{"taxonomy":"product_tag","embeddable":true,"href":"https:\/\/lucacastelli.com\/de\/wp-json\/wp\/v2\/product_tag?post=614765"}],"curies":[{"name":"wp","href":"https:\/\/api.w.org\/{rel}","templated":true}]}}