{"id":614600,"date":"2025-08-08T20:08:50","date_gmt":"2025-08-08T18:08:50","guid":{"rendered":"https:\/\/lucacastelli.com\/prodotto\/milwaukee-universal-saugsystem-fuer-meissel\/"},"modified":"2025-08-08T20:08:50","modified_gmt":"2025-08-08T18:08:50","slug":"milwaukee-universal-saugsystem-fuer-meissel","status":"publish","type":"product","link":"https:\/\/lucacastelli.com\/de\/produkt\/milwaukee-universal-saugsystem-fuer-meissel\/","title":{"rendered":"Milwaukee Universal-Saugsystem f\u00fcr Mei\u00dfel"},"content":{"rendered":"<p>SDS-MAX CHISEL BOOT<br \/>\nUniversal &#8211; Passt zu allen SDS-Max H\u00e4mmern unterschiedlicher Bauart und Ausf\u00fchrung;Kann mit allen spitzen und flachen Mei\u00dfeln bis zu 400mm Breite 25mm verwendet werden;Schlankes Design f\u00fcr Arbeiten in engen R\u00e4umen;L\u00e4sst sich leicht an Milwaukee\u00ae Staubsauger anschlie\u00dfen<\/p>\n<p>4932471991<br \/>\n4058546298906<\/p>\n","protected":false},"excerpt":{"rendered":"<p>SDS-MAX MEISSELSTIEFEL<\/p>\n","protected":false},"featured_media":538700,"template":"","meta":{"_seopress_robots_primary_cat":"","_seopress_titles_title":"","_seopress_titles_desc":"","_seopress_robots_index":""},"product_brand":[3656],"product_cat":[1454,169,1475],"product_tag":[3272],"class_list":{"0":"post-614600","1":"product","2":"type-product","3":"status-publish","4":"has-post-thumbnail","6":"product_brand-milwaukee-de","7":"product_cat-andere-gerate","8":"product_cat-maschinen","9":"product_cat-staubsauger","10":"product_tag-import-milwau-de","11":"sws-conto-ricavi-merci-rivendita-macchinari-de","12":"sws-gruppo-iva-iva81-de","14":"first","15":"onbackorder","16":"sale","17":"shipping-taxable","18":"purchasable","19":"product-type-simple"},"_links":{"self":[{"href":"https:\/\/lucacastelli.com\/de\/wp-json\/wp\/v2\/product\/614600","targetHints":{"allow":["GET"]}}],"collection":[{"href":"https:\/\/lucacastelli.com\/de\/wp-json\/wp\/v2\/product"}],"about":[{"href":"https:\/\/lucacastelli.com\/de\/wp-json\/wp\/v2\/types\/product"}],"wp:featuredmedia":[{"embeddable":true,"href":"https:\/\/lucacastelli.com\/de\/wp-json\/wp\/v2\/media\/538700"}],"wp:attachment":[{"href":"https:\/\/lucacastelli.com\/de\/wp-json\/wp\/v2\/media?parent=614600"}],"wp:term":[{"taxonomy":"product_brand","embeddable":true,"href":"https:\/\/lucacastelli.com\/de\/wp-json\/wp\/v2\/product_brand?post=614600"},{"taxonomy":"product_cat","embeddable":true,"href":"https:\/\/lucacastelli.com\/de\/wp-json\/wp\/v2\/product_cat?post=614600"},{"taxonomy":"product_tag","embeddable":true,"href":"https:\/\/lucacastelli.com\/de\/wp-json\/wp\/v2\/product_tag?post=614600"}],"curies":[{"name":"wp","href":"https:\/\/api.w.org\/{rel}","templated":true}]}}