{"id":614561,"date":"2025-08-06T23:32:14","date_gmt":"2025-08-06T21:32:14","guid":{"rendered":"https:\/\/lucacastelli.com\/prodotto\/milwaukee-systemzubehoer-lochsaegen-hole-dozer-5\/"},"modified":"2025-08-06T23:32:14","modified_gmt":"2025-08-06T21:32:14","slug":"milwaukee-systemzubehoer-lochsaegen-hole-dozer-5","status":"publish","type":"product","link":"https:\/\/lucacastelli.com\/de\/produkt\/milwaukee-systemzubehoer-lochsaegen-hole-dozer-5\/","title":{"rendered":"Milwaukee Systemzubeh\u00f6r &#8211; Lochs\u00e4gen Hole Dozer"},"content":{"rendered":"<p>Lochs\u00e4gebohrer Hex 7\/16 32-210mm-1pc<br \/>\nFIXTEC Schnellwechseladapter mit 11 mm 6-plus Sechskant f\u00fcr Geh\u00e4use 32 mm Lochs\u00e4gen<\/p>\n<p>4932479467<br \/>\n4058546372613<\/p>\n","protected":false},"excerpt":{"rendered":"<p>Lochs\u00e4ge Arbor Hex 7\/16 32-210mm-1pc<\/p>\n","protected":false},"featured_media":543883,"template":"","meta":{"_seopress_robots_primary_cat":"","_seopress_titles_title":"","_seopress_titles_desc":"","_seopress_robots_index":""},"product_brand":[3407],"product_cat":[29,514,549,550],"product_tag":[3270],"class_list":{"0":"post-614561","1":"product","2":"type-product","3":"status-publish","4":"has-post-thumbnail","6":"product_brand-milwaukee","7":"product_cat-macchinari","8":"product_cat-altri-dispositivi","9":"product_cat-trapani-e-avvitatori","10":"product_cat-accessori-per-trapani-ed-avvitatori","11":"product_tag-import-milwau","12":"sws-conto-ricavi-merci-rivendita-macchinari-de","13":"sws-gruppo-iva-iva81-de","15":"first","16":"onbackorder","17":"sale","18":"shipping-taxable","19":"purchasable","20":"product-type-simple"},"_links":{"self":[{"href":"https:\/\/lucacastelli.com\/de\/wp-json\/wp\/v2\/product\/614561","targetHints":{"allow":["GET"]}}],"collection":[{"href":"https:\/\/lucacastelli.com\/de\/wp-json\/wp\/v2\/product"}],"about":[{"href":"https:\/\/lucacastelli.com\/de\/wp-json\/wp\/v2\/types\/product"}],"wp:featuredmedia":[{"embeddable":true,"href":"https:\/\/lucacastelli.com\/de\/wp-json\/wp\/v2\/media\/543883"}],"wp:attachment":[{"href":"https:\/\/lucacastelli.com\/de\/wp-json\/wp\/v2\/media?parent=614561"}],"wp:term":[{"taxonomy":"product_brand","embeddable":true,"href":"https:\/\/lucacastelli.com\/de\/wp-json\/wp\/v2\/product_brand?post=614561"},{"taxonomy":"product_cat","embeddable":true,"href":"https:\/\/lucacastelli.com\/de\/wp-json\/wp\/v2\/product_cat?post=614561"},{"taxonomy":"product_tag","embeddable":true,"href":"https:\/\/lucacastelli.com\/de\/wp-json\/wp\/v2\/product_tag?post=614561"}],"curies":[{"name":"wp","href":"https:\/\/api.w.org\/{rel}","templated":true}]}}