{"id":614558,"date":"2025-08-06T23:32:15","date_gmt":"2025-08-06T21:32:15","guid":{"rendered":"https:\/\/lucacastelli.com\/prodotto\/milwaukee-systemzubehoer-lochsaegen-hole-dozer-4\/"},"modified":"2025-08-06T23:32:15","modified_gmt":"2025-08-06T21:32:15","slug":"milwaukee-systemzubehoer-lochsaegen-hole-dozer-4","status":"publish","type":"product","link":"https:\/\/lucacastelli.com\/de\/produkt\/milwaukee-systemzubehoer-lochsaegen-hole-dozer-4\/","title":{"rendered":"Milwaukee Systemzubeh\u00f6r &#8211; Lochs\u00e4gen Hole Dozer"},"content":{"rendered":"<p>Lochs\u00e4geverl\u00e4ngerung Hex 9,5\/300mm-1pc<br \/>\n330 mm Verl\u00e4ngerung mit 6,5 mm Hex Geh\u00e4use f\u00fcr Lochs\u00e4gen <\/p>\n<p>4932479470<br \/>\n4058546372644<\/p>\n","protected":false},"excerpt":{"rendered":"<p>Lochs\u00e4genverl\u00e4ngerung Hex 9.5\/300mm-1pc<\/p>\n","protected":false},"featured_media":543898,"template":"","meta":{"_seopress_robots_primary_cat":"","_seopress_titles_title":"","_seopress_titles_desc":"","_seopress_robots_index":""},"product_brand":[3407],"product_cat":[29,514,549,550],"product_tag":[3270],"class_list":{"0":"post-614558","1":"product","2":"type-product","3":"status-publish","4":"has-post-thumbnail","6":"product_brand-milwaukee","7":"product_cat-macchinari","8":"product_cat-altri-dispositivi","9":"product_cat-trapani-e-avvitatori","10":"product_cat-accessori-per-trapani-ed-avvitatori","11":"product_tag-import-milwau","12":"sws-conto-ricavi-merci-rivendita-macchinari-de","13":"sws-gruppo-iva-iva81-de","15":"first","16":"onbackorder","17":"sale","18":"shipping-taxable","19":"purchasable","20":"product-type-simple"},"_links":{"self":[{"href":"https:\/\/lucacastelli.com\/de\/wp-json\/wp\/v2\/product\/614558","targetHints":{"allow":["GET"]}}],"collection":[{"href":"https:\/\/lucacastelli.com\/de\/wp-json\/wp\/v2\/product"}],"about":[{"href":"https:\/\/lucacastelli.com\/de\/wp-json\/wp\/v2\/types\/product"}],"wp:featuredmedia":[{"embeddable":true,"href":"https:\/\/lucacastelli.com\/de\/wp-json\/wp\/v2\/media\/543898"}],"wp:attachment":[{"href":"https:\/\/lucacastelli.com\/de\/wp-json\/wp\/v2\/media?parent=614558"}],"wp:term":[{"taxonomy":"product_brand","embeddable":true,"href":"https:\/\/lucacastelli.com\/de\/wp-json\/wp\/v2\/product_brand?post=614558"},{"taxonomy":"product_cat","embeddable":true,"href":"https:\/\/lucacastelli.com\/de\/wp-json\/wp\/v2\/product_cat?post=614558"},{"taxonomy":"product_tag","embeddable":true,"href":"https:\/\/lucacastelli.com\/de\/wp-json\/wp\/v2\/product_tag?post=614558"}],"curies":[{"name":"wp","href":"https:\/\/api.w.org\/{rel}","templated":true}]}}