{"id":614549,"date":"2025-08-06T23:32:13","date_gmt":"2025-08-06T21:32:13","guid":{"rendered":"https:\/\/lucacastelli.com\/prodotto\/milwaukee-systemzubehoer-lochsaegen-hole-dozer\/"},"modified":"2025-08-06T23:32:13","modified_gmt":"2025-08-06T21:32:13","slug":"milwaukee-systemzubehoer-lochsaegen-hole-dozer","status":"publish","type":"product","link":"https:\/\/lucacastelli.com\/de\/produkt\/milwaukee-systemzubehoer-lochsaegen-hole-dozer\/","title":{"rendered":"Milwaukee Systemzubeh\u00f6r &#8211; Lochs\u00e4gen Hole Dozer"},"content":{"rendered":"<p>Lochs\u00e4gen-Pilotbohrer 6x89mm-1pc<br \/>\nHSS-Zentrierbohrer- kurz f\u00fcr Lochs\u00e4gen<\/p>\n<p>4932479468<br \/>\n4058546372620<\/p>\n","protected":false},"excerpt":{"rendered":"<p>Lochs\u00e4ge Pilotbohrer 6x89mm-1St.<\/p>\n","protected":false},"featured_media":543888,"template":"","meta":{"_seopress_robots_primary_cat":"","_seopress_titles_title":"","_seopress_titles_desc":"","_seopress_robots_index":""},"product_brand":[3656],"product_cat":[1454,1553,169,1554],"product_tag":[3272],"class_list":{"0":"post-614549","1":"product","2":"type-product","3":"status-publish","4":"has-post-thumbnail","6":"product_brand-milwaukee-de","7":"product_cat-andere-gerate","8":"product_cat-bohrer-und-schraubendreher","9":"product_cat-maschinen","10":"product_cat-zubehor-fur-bohrmaschinen-und-schraubendreher","11":"product_tag-import-milwau-de","12":"sws-conto-ricavi-merci-rivendita-macchinari-de","13":"sws-gruppo-iva-iva81-de","15":"first","16":"onbackorder","17":"sale","18":"shipping-taxable","19":"purchasable","20":"product-type-simple"},"_links":{"self":[{"href":"https:\/\/lucacastelli.com\/de\/wp-json\/wp\/v2\/product\/614549","targetHints":{"allow":["GET"]}}],"collection":[{"href":"https:\/\/lucacastelli.com\/de\/wp-json\/wp\/v2\/product"}],"about":[{"href":"https:\/\/lucacastelli.com\/de\/wp-json\/wp\/v2\/types\/product"}],"wp:featuredmedia":[{"embeddable":true,"href":"https:\/\/lucacastelli.com\/de\/wp-json\/wp\/v2\/media\/543888"}],"wp:attachment":[{"href":"https:\/\/lucacastelli.com\/de\/wp-json\/wp\/v2\/media?parent=614549"}],"wp:term":[{"taxonomy":"product_brand","embeddable":true,"href":"https:\/\/lucacastelli.com\/de\/wp-json\/wp\/v2\/product_brand?post=614549"},{"taxonomy":"product_cat","embeddable":true,"href":"https:\/\/lucacastelli.com\/de\/wp-json\/wp\/v2\/product_cat?post=614549"},{"taxonomy":"product_tag","embeddable":true,"href":"https:\/\/lucacastelli.com\/de\/wp-json\/wp\/v2\/product_tag?post=614549"}],"curies":[{"name":"wp","href":"https:\/\/api.w.org\/{rel}","templated":true}]}}