{"id":614534,"date":"2025-08-06T13:56:56","date_gmt":"2025-08-06T11:56:56","guid":{"rendered":"https:\/\/lucacastelli.com\/prodotto\/milwaukee-lochsaegen-hole-dozer-hartmetallzaehne-8\/"},"modified":"2025-08-06T13:56:56","modified_gmt":"2025-08-06T11:56:56","slug":"milwaukee-lochsaegen-hole-dozer-hartmetallzaehne-8","status":"publish","type":"product","link":"https:\/\/lucacastelli.com\/de\/produkt\/milwaukee-lochsaegen-hole-dozer-hartmetallzaehne-8\/","title":{"rendered":"Milwaukee Lochs\u00e4gen Hole Dozer Hartmetallz\u00e4hne"},"content":{"rendered":"<p>Lochs\u00e4ge TCT Hole Dozer 121mm-1pc<br \/>\nBis zu 10-mal l\u00e4ngere Lebensdauer, hohe Hitze- und Verschlei\u00dfbest\u00e4ndigkeit im Vergleich zu Bi-Metall-Lochs\u00e4gen;Aggressive Zahngeometrie mit breiten Rillen f\u00fcr besseren Materialabtrag;Versetzte Z\u00e4hne f\u00fcr weniger Reibung;PLUG JACK\u2122 breiter seitlicher Zugangsbereich f\u00fcr schnellen und einfachen Materialabtrag, tief f\u00fcr dickere Materialien und hoch f\u00fcr d\u00fcnnere Materialien;Anwendungsbereiche Sanit\u00e4rbereich (Keramikfliesen &#8211; weich, Gusseisen), Metallbearbeitung (Edelstahl, Aluminium) und Verbundwerkstoffe (Kunststoff, Sandwichmaterial, Bodenbel\u00e4ge, Glasfaser, kunststoffbeschichtete Holzplatten, furniertes Holz)<\/p>\n<p>49560847<br \/>\n0045242594849<\/p>\n","protected":false},"excerpt":{"rendered":"<p>Lochs\u00e4ge TCT Hole Dozer 121mm-1pc<\/p>\n","protected":false},"featured_media":588402,"template":"","meta":{"_seopress_robots_primary_cat":"","_seopress_titles_title":"","_seopress_titles_desc":"","_seopress_robots_index":""},"product_brand":[3407],"product_cat":[29,514,549,550],"product_tag":[3270],"class_list":{"0":"post-614534","1":"product","2":"type-product","3":"status-publish","4":"has-post-thumbnail","6":"product_brand-milwaukee","7":"product_cat-macchinari","8":"product_cat-altri-dispositivi","9":"product_cat-trapani-e-avvitatori","10":"product_cat-accessori-per-trapani-ed-avvitatori","11":"product_tag-import-milwau","12":"sws-conto-ricavi-merci-rivendita-macchinari-de","13":"sws-gruppo-iva-iva81-de","15":"first","16":"onbackorder","17":"sale","18":"shipping-taxable","19":"purchasable","20":"product-type-simple"},"_links":{"self":[{"href":"https:\/\/lucacastelli.com\/de\/wp-json\/wp\/v2\/product\/614534","targetHints":{"allow":["GET"]}}],"collection":[{"href":"https:\/\/lucacastelli.com\/de\/wp-json\/wp\/v2\/product"}],"about":[{"href":"https:\/\/lucacastelli.com\/de\/wp-json\/wp\/v2\/types\/product"}],"wp:featuredmedia":[{"embeddable":true,"href":"https:\/\/lucacastelli.com\/de\/wp-json\/wp\/v2\/media\/588402"}],"wp:attachment":[{"href":"https:\/\/lucacastelli.com\/de\/wp-json\/wp\/v2\/media?parent=614534"}],"wp:term":[{"taxonomy":"product_brand","embeddable":true,"href":"https:\/\/lucacastelli.com\/de\/wp-json\/wp\/v2\/product_brand?post=614534"},{"taxonomy":"product_cat","embeddable":true,"href":"https:\/\/lucacastelli.com\/de\/wp-json\/wp\/v2\/product_cat?post=614534"},{"taxonomy":"product_tag","embeddable":true,"href":"https:\/\/lucacastelli.com\/de\/wp-json\/wp\/v2\/product_tag?post=614534"}],"curies":[{"name":"wp","href":"https:\/\/api.w.org\/{rel}","templated":true}]}}