{"id":614498,"date":"2025-08-08T20:08:45","date_gmt":"2025-08-08T18:08:45","guid":{"rendered":"https:\/\/lucacastelli.com\/prodotto\/milwaukee-m18-staubabsaugsystem\/"},"modified":"2025-08-08T20:08:45","modified_gmt":"2025-08-08T18:08:45","slug":"milwaukee-m18-staubabsaugsystem","status":"publish","type":"product","link":"https:\/\/lucacastelli.com\/de\/produkt\/milwaukee-m18-staubabsaugsystem\/","title":{"rendered":"Milwaukee M18 Staubabsaugsystem"},"content":{"rendered":"<p>M12 \/18DE Nozzle-2pcs NOZZLE<br \/>\nAnsaugadapter f\u00fcr Elektroh\u00e4mmer;Geeignet f\u00fcr M12<\/p>\n<p>49902301<br \/>\n0045242337279<\/p>\n","protected":false},"excerpt":{"rendered":"<p>M12 \/18DE D\u00fcse-2St\u00fcck D\u00dcSE<\/p>\n","protected":false},"featured_media":496696,"template":"","meta":{"_seopress_robots_primary_cat":"","_seopress_titles_title":"","_seopress_titles_desc":"","_seopress_robots_index":""},"product_brand":[3656],"product_cat":[1454,169,1475],"product_tag":[3272],"class_list":{"0":"post-614498","1":"product","2":"type-product","3":"status-publish","4":"has-post-thumbnail","6":"product_brand-milwaukee-de","7":"product_cat-andere-gerate","8":"product_cat-maschinen","9":"product_cat-staubsauger","10":"product_tag-import-milwau-de","11":"sws-conto-ricavi-merci-rivendita-macchinari-de","12":"sws-gruppo-iva-iva81-de","14":"first","15":"onbackorder","16":"sale","17":"shipping-taxable","18":"purchasable","19":"product-type-simple"},"_links":{"self":[{"href":"https:\/\/lucacastelli.com\/de\/wp-json\/wp\/v2\/product\/614498","targetHints":{"allow":["GET"]}}],"collection":[{"href":"https:\/\/lucacastelli.com\/de\/wp-json\/wp\/v2\/product"}],"about":[{"href":"https:\/\/lucacastelli.com\/de\/wp-json\/wp\/v2\/types\/product"}],"wp:featuredmedia":[{"embeddable":true,"href":"https:\/\/lucacastelli.com\/de\/wp-json\/wp\/v2\/media\/496696"}],"wp:attachment":[{"href":"https:\/\/lucacastelli.com\/de\/wp-json\/wp\/v2\/media?parent=614498"}],"wp:term":[{"taxonomy":"product_brand","embeddable":true,"href":"https:\/\/lucacastelli.com\/de\/wp-json\/wp\/v2\/product_brand?post=614498"},{"taxonomy":"product_cat","embeddable":true,"href":"https:\/\/lucacastelli.com\/de\/wp-json\/wp\/v2\/product_cat?post=614498"},{"taxonomy":"product_tag","embeddable":true,"href":"https:\/\/lucacastelli.com\/de\/wp-json\/wp\/v2\/product_tag?post=614498"}],"curies":[{"name":"wp","href":"https:\/\/api.w.org\/{rel}","templated":true}]}}