{"id":614483,"date":"2025-08-08T19:43:40","date_gmt":"2025-08-08T17:43:40","guid":{"rendered":"https:\/\/lucacastelli.com\/prodotto\/milwaukee-rj18xl-m88-9\/"},"modified":"2025-08-08T19:43:40","modified_gmt":"2025-08-08T17:43:40","slug":"milwaukee-rj18xl-m88-9","status":"publish","type":"product","link":"https:\/\/lucacastelli.com\/de\/produkt\/milwaukee-rj18xl-m88-9\/","title":{"rendered":"MILWAUKEE RJ18XL-M88.9"},"content":{"rendered":"<p>RJ18XL-M88,9 mm XL Ring Backe + M Profil<br \/>\nDie M18 FORCE LOGIC\u2122 Pressbacken wurden entwickelt, um den h\u00f6chsten Anspr\u00fcchen an Qualit\u00e4t und Haltbarkeit zu gen\u00fcgen. Mit der M\u00f6glichkeit, sie einfach mit einem Daumen zu \u00f6ffnen, sind diese Backen die bequemste und praktischste Pressl\u00f6sung. <\/p>\n<p>4932479459<br \/>\n4058546372538<\/p>\n","protected":false},"excerpt":{"rendered":"<p>RJ18XL-M88.9 mm XL Ring Backe + M Profil<\/p>\n","protected":false},"featured_media":543843,"template":"","meta":{"_seopress_robots_primary_cat":"","_seopress_titles_title":"","_seopress_titles_desc":"","_seopress_robots_index":""},"product_brand":[3656],"product_cat":[5534,169,1454],"product_tag":[3272],"class_list":{"0":"post-614483","1":"product","2":"type-product","3":"status-publish","4":"has-post-thumbnail","6":"product_brand-milwaukee-de","7":"product_cat-verschiedene-maschinen-von-milwaukee","8":"product_cat-maschinen","9":"product_cat-andere-gerate","10":"product_tag-import-milwau-de","11":"sws-conto-ricavi-merci-rivendita-macchinari-de","12":"sws-gruppo-iva-iva81-de","14":"first","15":"onbackorder","16":"sale","17":"shipping-taxable","18":"purchasable","19":"product-type-simple"},"_links":{"self":[{"href":"https:\/\/lucacastelli.com\/de\/wp-json\/wp\/v2\/product\/614483","targetHints":{"allow":["GET"]}}],"collection":[{"href":"https:\/\/lucacastelli.com\/de\/wp-json\/wp\/v2\/product"}],"about":[{"href":"https:\/\/lucacastelli.com\/de\/wp-json\/wp\/v2\/types\/product"}],"wp:featuredmedia":[{"embeddable":true,"href":"https:\/\/lucacastelli.com\/de\/wp-json\/wp\/v2\/media\/543843"}],"wp:attachment":[{"href":"https:\/\/lucacastelli.com\/de\/wp-json\/wp\/v2\/media?parent=614483"}],"wp:term":[{"taxonomy":"product_brand","embeddable":true,"href":"https:\/\/lucacastelli.com\/de\/wp-json\/wp\/v2\/product_brand?post=614483"},{"taxonomy":"product_cat","embeddable":true,"href":"https:\/\/lucacastelli.com\/de\/wp-json\/wp\/v2\/product_cat?post=614483"},{"taxonomy":"product_tag","embeddable":true,"href":"https:\/\/lucacastelli.com\/de\/wp-json\/wp\/v2\/product_tag?post=614483"}],"curies":[{"name":"wp","href":"https:\/\/api.w.org\/{rel}","templated":true}]}}