{"id":614462,"date":"2025-08-08T19:43:31","date_gmt":"2025-08-08T17:43:31","guid":{"rendered":"https:\/\/lucacastelli.com\/prodotto\/milwaukee-rohrentgrater\/"},"modified":"2025-08-08T19:43:31","modified_gmt":"2025-08-08T17:43:31","slug":"milwaukee-rohrentgrater","status":"publish","type":"product","link":"https:\/\/lucacastelli.com\/de\/produkt\/milwaukee-rohrentgrater\/","title":{"rendered":"Milwaukee Rohrentgrater"},"content":{"rendered":"<p>Innen-Au\u00dfen-Entgrater 6-35mm<br \/>\nDie 40 geh\u00e4rteten und geschliffenen Schneiden sorgen f\u00fcr ein sauberes, gratfreies und einbaufertiges Rohr; das robuste Aluminium-Metallgeh\u00e4use gew\u00e4hrleistet maximale Haltbarkeit f\u00fcr die h\u00e4rtesten Arbeitsbedingungen; die R\u00e4ndelung auf der Au\u00dfenfl\u00e4che verbessert die Griffigkeit auch mit Handschuhen; gr\u00f6\u00dfere Vielseitigkeit beim Aufbohren aller g\u00e4ngigen Materialien. Kunststoff, Kupfer, Aluminium, Stahl, Eisen, Messing, rostfreier Stahl <\/p>\n<p>4932493812<br \/>\n4058546509729<\/p>\n","protected":false},"excerpt":{"rendered":"<p>Innen-Au\u00dfen-Entgrater 6-35mm<\/p>\n","protected":false},"featured_media":564454,"template":"","meta":{"_seopress_robots_primary_cat":"","_seopress_titles_title":"","_seopress_titles_desc":"","_seopress_robots_index":""},"product_brand":[3407],"product_cat":[5531,29,514],"product_tag":[3270],"class_list":{"0":"post-614462","1":"product","2":"type-product","3":"status-publish","4":"has-post-thumbnail","6":"product_brand-milwaukee","7":"product_cat-vari-macchinari-milwaukee","8":"product_cat-macchinari","9":"product_cat-altri-dispositivi","10":"product_tag-import-milwau","11":"sws-conto-ricavi-merci-rivendita-macchinari-de","12":"sws-gruppo-iva-iva81-de","14":"first","15":"onbackorder","16":"sale","17":"shipping-taxable","18":"purchasable","19":"product-type-simple"},"_links":{"self":[{"href":"https:\/\/lucacastelli.com\/de\/wp-json\/wp\/v2\/product\/614462","targetHints":{"allow":["GET"]}}],"collection":[{"href":"https:\/\/lucacastelli.com\/de\/wp-json\/wp\/v2\/product"}],"about":[{"href":"https:\/\/lucacastelli.com\/de\/wp-json\/wp\/v2\/types\/product"}],"wp:featuredmedia":[{"embeddable":true,"href":"https:\/\/lucacastelli.com\/de\/wp-json\/wp\/v2\/media\/564454"}],"wp:attachment":[{"href":"https:\/\/lucacastelli.com\/de\/wp-json\/wp\/v2\/media?parent=614462"}],"wp:term":[{"taxonomy":"product_brand","embeddable":true,"href":"https:\/\/lucacastelli.com\/de\/wp-json\/wp\/v2\/product_brand?post=614462"},{"taxonomy":"product_cat","embeddable":true,"href":"https:\/\/lucacastelli.com\/de\/wp-json\/wp\/v2\/product_cat?post=614462"},{"taxonomy":"product_tag","embeddable":true,"href":"https:\/\/lucacastelli.com\/de\/wp-json\/wp\/v2\/product_tag?post=614462"}],"curies":[{"name":"wp","href":"https:\/\/api.w.org\/{rel}","templated":true}]}}