{"id":614448,"date":"2025-08-08T19:43:28","date_gmt":"2025-08-08T17:43:28","guid":{"rendered":"https:\/\/lucacastelli.com\/prodotto\/milwaukee-rj18-v64\/"},"modified":"2025-08-08T19:43:28","modified_gmt":"2025-08-08T17:43:28","slug":"milwaukee-rj18-v64","status":"publish","type":"product","link":"https:\/\/lucacastelli.com\/de\/produkt\/milwaukee-rj18-v64\/","title":{"rendered":"MILWAUKEE RJ18-V64"},"content":{"rendered":"<p>RJ18-V64 64mm Ringbacke mit V-Profil<br \/>\nDie M18 FORCE LOGIC\u2122 Pressbacken wurden entwickelt, um den h\u00f6chsten Anforderungen an Qualit\u00e4t und Haltbarkeit gerecht zu werden. Mit der M\u00f6glichkeit, sie leicht mit einem Daumen zu \u00f6ffnen, sind diese Backen die bequemste und praktischste Pressl\u00f6sung <\/p>\n<p>4932479453<br \/>\n4058546372477<\/p>\n","protected":false},"excerpt":{"rendered":"<p>RJ18-V64 64mm Ring Backe mit V Profil<\/p>\n","protected":false},"featured_media":543818,"template":"","meta":{"_seopress_robots_primary_cat":"","_seopress_titles_title":"","_seopress_titles_desc":"","_seopress_robots_index":""},"product_brand":[3407],"product_cat":[5531,29,514],"product_tag":[3270],"class_list":{"0":"post-614448","1":"product","2":"type-product","3":"status-publish","4":"has-post-thumbnail","6":"product_brand-milwaukee","7":"product_cat-vari-macchinari-milwaukee","8":"product_cat-macchinari","9":"product_cat-altri-dispositivi","10":"product_tag-import-milwau","11":"sws-conto-ricavi-merci-rivendita-macchinari-de","12":"sws-gruppo-iva-iva81-de","14":"first","15":"onbackorder","16":"sale","17":"shipping-taxable","18":"purchasable","19":"product-type-simple"},"_links":{"self":[{"href":"https:\/\/lucacastelli.com\/de\/wp-json\/wp\/v2\/product\/614448","targetHints":{"allow":["GET"]}}],"collection":[{"href":"https:\/\/lucacastelli.com\/de\/wp-json\/wp\/v2\/product"}],"about":[{"href":"https:\/\/lucacastelli.com\/de\/wp-json\/wp\/v2\/types\/product"}],"wp:featuredmedia":[{"embeddable":true,"href":"https:\/\/lucacastelli.com\/de\/wp-json\/wp\/v2\/media\/543818"}],"wp:attachment":[{"href":"https:\/\/lucacastelli.com\/de\/wp-json\/wp\/v2\/media?parent=614448"}],"wp:term":[{"taxonomy":"product_brand","embeddable":true,"href":"https:\/\/lucacastelli.com\/de\/wp-json\/wp\/v2\/product_brand?post=614448"},{"taxonomy":"product_cat","embeddable":true,"href":"https:\/\/lucacastelli.com\/de\/wp-json\/wp\/v2\/product_cat?post=614448"},{"taxonomy":"product_tag","embeddable":true,"href":"https:\/\/lucacastelli.com\/de\/wp-json\/wp\/v2\/product_tag?post=614448"}],"curies":[{"name":"wp","href":"https:\/\/api.w.org\/{rel}","templated":true}]}}