{"id":614445,"date":"2025-08-08T19:43:26","date_gmt":"2025-08-08T17:43:26","guid":{"rendered":"https:\/\/lucacastelli.com\/prodotto\/milwaukee-rj18-v88-9\/"},"modified":"2025-08-08T19:43:26","modified_gmt":"2025-08-08T17:43:26","slug":"milwaukee-rj18-v88-9","status":"publish","type":"product","link":"https:\/\/lucacastelli.com\/de\/produkt\/milwaukee-rj18-v88-9\/","title":{"rendered":"MILWAUKEE RJ18-V88.9"},"content":{"rendered":"<p>RJ18-V88.9 88,9mm Ringbacke + V-Profil<br \/>\nDie M18 FORCE LOGIC\u2122 Pressbacken wurden entwickelt, um den h\u00f6chsten Anspr\u00fcchen an Qualit\u00e4t und Haltbarkeit gerecht zu werden. Dank der einfachen Daumen\u00f6ffnung sind diese Backen die bequemste und praktischste Pressl\u00f6sung. <\/p>\n<p>4932479456<br \/>\n4058546372507<\/p>\n","protected":false},"excerpt":{"rendered":"<p>RJ18-V88.9 88.9mm Ring Backe + V Profil<\/p>\n","protected":false},"featured_media":543828,"template":"","meta":{"_seopress_robots_primary_cat":"","_seopress_titles_title":"","_seopress_titles_desc":"","_seopress_robots_index":""},"product_brand":[3407],"product_cat":[5531,29,514],"product_tag":[3270],"class_list":{"0":"post-614445","1":"product","2":"type-product","3":"status-publish","4":"has-post-thumbnail","6":"product_brand-milwaukee","7":"product_cat-vari-macchinari-milwaukee","8":"product_cat-macchinari","9":"product_cat-altri-dispositivi","10":"product_tag-import-milwau","11":"sws-conto-ricavi-merci-rivendita-macchinari-de","12":"sws-gruppo-iva-iva81-de","14":"first","15":"onbackorder","16":"sale","17":"shipping-taxable","18":"purchasable","19":"product-type-simple"},"_links":{"self":[{"href":"https:\/\/lucacastelli.com\/de\/wp-json\/wp\/v2\/product\/614445","targetHints":{"allow":["GET"]}}],"collection":[{"href":"https:\/\/lucacastelli.com\/de\/wp-json\/wp\/v2\/product"}],"about":[{"href":"https:\/\/lucacastelli.com\/de\/wp-json\/wp\/v2\/types\/product"}],"wp:featuredmedia":[{"embeddable":true,"href":"https:\/\/lucacastelli.com\/de\/wp-json\/wp\/v2\/media\/543828"}],"wp:attachment":[{"href":"https:\/\/lucacastelli.com\/de\/wp-json\/wp\/v2\/media?parent=614445"}],"wp:term":[{"taxonomy":"product_brand","embeddable":true,"href":"https:\/\/lucacastelli.com\/de\/wp-json\/wp\/v2\/product_brand?post=614445"},{"taxonomy":"product_cat","embeddable":true,"href":"https:\/\/lucacastelli.com\/de\/wp-json\/wp\/v2\/product_cat?post=614445"},{"taxonomy":"product_tag","embeddable":true,"href":"https:\/\/lucacastelli.com\/de\/wp-json\/wp\/v2\/product_tag?post=614445"}],"curies":[{"name":"wp","href":"https:\/\/api.w.org\/{rel}","templated":true}]}}