{"id":614440,"date":"2025-08-08T19:43:25","date_gmt":"2025-08-08T17:43:25","guid":{"rendered":"https:\/\/lucacastelli.com\/prodotto\/milwaukee-rj18-mp1-%c2%bd%e2%80%b3\/"},"modified":"2025-08-08T19:43:25","modified_gmt":"2025-08-08T17:43:25","slug":"milwaukee-rj18-mp1-%c2%bd%e2%80%b3","status":"publish","type":"product","link":"https:\/\/lucacastelli.com\/de\/produkt\/milwaukee-rj18-mp1-%c2%bd%e2%80%b3\/","title":{"rendered":"MILWAUKEE RJ18-MP1 \u00bd\u2033"},"content":{"rendered":"<p>J18-MP11\/2IN Ringbacke f\u00fcr Mega Press<br \/>\nDie M12\u2122 und M18 FORCE LOGIC\u2122 Backen wurden entwickelt, um die h\u00f6chsten Standards in Sachen Pressqualit\u00e4t und Haftung zu erreichen;Die Backen wurden so entwickelt, dass sie sich leicht mit einem Daumen \u00f6ffnen lassen und in Kombination mit den M12\u2122 und M18 FORCE LOGIC\u2122 Pressmaschinen mit einer Hand f\u00fcr Rohre bis zu 108 mm verwendet werden k\u00f6nnen;Die Backen erm\u00f6glichen hochwertige Pressverbindungen mit allen g\u00e4ngigen Fittingmarken<\/p>\n<p>4932479446<br \/>\n4058546372408<\/p>\n","protected":false},"excerpt":{"rendered":"<p>J18-MP11\/2IN Ringbacke f\u00fcr Mega Press<\/p>\n","protected":false},"featured_media":543787,"template":"","meta":{"_seopress_robots_primary_cat":"","_seopress_titles_title":"","_seopress_titles_desc":"","_seopress_robots_index":""},"product_brand":[3407],"product_cat":[5531,29,514],"product_tag":[3270],"class_list":{"0":"post-614440","1":"product","2":"type-product","3":"status-publish","4":"has-post-thumbnail","6":"product_brand-milwaukee","7":"product_cat-vari-macchinari-milwaukee","8":"product_cat-macchinari","9":"product_cat-altri-dispositivi","10":"product_tag-import-milwau","11":"sws-conto-ricavi-merci-rivendita-macchinari-de","12":"sws-gruppo-iva-iva81-de","14":"first","15":"onbackorder","16":"sale","17":"shipping-taxable","18":"purchasable","19":"product-type-simple"},"_links":{"self":[{"href":"https:\/\/lucacastelli.com\/de\/wp-json\/wp\/v2\/product\/614440","targetHints":{"allow":["GET"]}}],"collection":[{"href":"https:\/\/lucacastelli.com\/de\/wp-json\/wp\/v2\/product"}],"about":[{"href":"https:\/\/lucacastelli.com\/de\/wp-json\/wp\/v2\/types\/product"}],"wp:featuredmedia":[{"embeddable":true,"href":"https:\/\/lucacastelli.com\/de\/wp-json\/wp\/v2\/media\/543787"}],"wp:attachment":[{"href":"https:\/\/lucacastelli.com\/de\/wp-json\/wp\/v2\/media?parent=614440"}],"wp:term":[{"taxonomy":"product_brand","embeddable":true,"href":"https:\/\/lucacastelli.com\/de\/wp-json\/wp\/v2\/product_brand?post=614440"},{"taxonomy":"product_cat","embeddable":true,"href":"https:\/\/lucacastelli.com\/de\/wp-json\/wp\/v2\/product_cat?post=614440"},{"taxonomy":"product_tag","embeddable":true,"href":"https:\/\/lucacastelli.com\/de\/wp-json\/wp\/v2\/product_tag?post=614440"}],"curies":[{"name":"wp","href":"https:\/\/api.w.org\/{rel}","templated":true}]}}