{"id":614431,"date":"2025-08-08T19:38:38","date_gmt":"2025-08-08T17:38:38","guid":{"rendered":"https:\/\/lucacastelli.com\/prodotto\/milwaukee-contractor-lochsaegen-12\/"},"modified":"2025-08-08T19:38:38","modified_gmt":"2025-08-08T17:38:38","slug":"milwaukee-contractor-lochsaegen-12","status":"publish","type":"product","link":"https:\/\/lucacastelli.com\/de\/produkt\/milwaukee-contractor-lochsaegen-12\/","title":{"rendered":"Milwaukee Contractor-Lochs\u00e4gen"},"content":{"rendered":"<p>14 MM CUP SAW &#8211; Contractor -1pcs<br \/>\nVariable Zahngeometrie 4\/6 Z\u00e4hne pro Zoll f\u00fcr schnelle Schnitte und universellen Einsatz;Bi-Metall-Zahnkonstruktion f\u00fcr maximale Haltbarkeit;F\u00fcr den universellen Einsatz: Stahl, Buntmetalle, Gipskarton, Kunststoff<\/p>\n<p>4932464671<br \/>\n4058546226169<\/p>\n","protected":false},"excerpt":{"rendered":"<p>SAW SAW 14 MM &#8211; Contractor -1pcs.<\/p>\n","protected":false},"featured_media":529588,"template":"","meta":{"_seopress_robots_primary_cat":"","_seopress_titles_title":"","_seopress_titles_desc":"","_seopress_robots_index":""},"product_brand":[3407],"product_cat":[29,514,550],"product_tag":[3270],"class_list":{"0":"post-614431","1":"product","2":"type-product","3":"status-publish","4":"has-post-thumbnail","6":"product_brand-milwaukee","7":"product_cat-macchinari","8":"product_cat-altri-dispositivi","9":"product_cat-accessori-per-trapani-ed-avvitatori","10":"product_tag-import-milwau","11":"sws-conto-ricavi-merci-rivendita-macchinari-de","12":"sws-gruppo-iva-iva81-de","14":"first","15":"onbackorder","16":"sale","17":"shipping-taxable","18":"purchasable","19":"product-type-simple"},"_links":{"self":[{"href":"https:\/\/lucacastelli.com\/de\/wp-json\/wp\/v2\/product\/614431","targetHints":{"allow":["GET"]}}],"collection":[{"href":"https:\/\/lucacastelli.com\/de\/wp-json\/wp\/v2\/product"}],"about":[{"href":"https:\/\/lucacastelli.com\/de\/wp-json\/wp\/v2\/types\/product"}],"wp:featuredmedia":[{"embeddable":true,"href":"https:\/\/lucacastelli.com\/de\/wp-json\/wp\/v2\/media\/529588"}],"wp:attachment":[{"href":"https:\/\/lucacastelli.com\/de\/wp-json\/wp\/v2\/media?parent=614431"}],"wp:term":[{"taxonomy":"product_brand","embeddable":true,"href":"https:\/\/lucacastelli.com\/de\/wp-json\/wp\/v2\/product_brand?post=614431"},{"taxonomy":"product_cat","embeddable":true,"href":"https:\/\/lucacastelli.com\/de\/wp-json\/wp\/v2\/product_cat?post=614431"},{"taxonomy":"product_tag","embeddable":true,"href":"https:\/\/lucacastelli.com\/de\/wp-json\/wp\/v2\/product_tag?post=614431"}],"curies":[{"name":"wp","href":"https:\/\/api.w.org\/{rel}","templated":true}]}}