{"id":614379,"date":"2025-08-08T19:36:34","date_gmt":"2025-08-08T17:36:34","guid":{"rendered":"https:\/\/lucacastelli.com\/prodotto\/milwaukee-diamond-plus-trocken-nass-lochsaegen-3\/"},"modified":"2025-08-08T19:36:34","modified_gmt":"2025-08-08T17:36:34","slug":"milwaukee-diamond-plus-trocken-nass-lochsaegen-3","status":"publish","type":"product","link":"https:\/\/lucacastelli.com\/de\/produkt\/milwaukee-diamond-plus-trocken-nass-lochsaegen-3\/","title":{"rendered":"Milwaukee Diamond Plus Trocken-\/Nass-Lochs\u00e4gen"},"content":{"rendered":"<p>DIAMANT-LOCHS\u00c4GE 32 MM -1St.<br \/>\nDiamant-Lochs\u00e4gen wurden f\u00fcr Profis entwickelt, die in extrem harte Materialien wie Porzellan\/Grus\/Quarzfliesen\/Gusseisen oder Fiberglas bohren m\u00fcssen, in denen es immer schwierig ist, mit herk\u00f6mmlichen Bohrern zu bohren. Sie gew\u00e4hrleisten eine hervorragende Leistung und eine l\u00e4ngere Lebensdauer selbst in den h\u00e4rtesten Materialien;Spr\u00fchen: Diese Lochs\u00e4gen ben\u00f6tigen nur ein begrenztes Spr\u00fchen im Gegensatz zu herk\u00f6mmlichen Diamantschneidern, die einen kontinuierlichen Wasserfluss ben\u00f6tigen. Tauche die Lochs\u00e4ge einfach zu Beginn jedes Lochs in Wasser und wiederhole diesen Vorgang alle 5 Sekunden;Saubere L\u00f6cher: pr\u00e4zises und sauberes Bohren, ohne Grate zu hinterlassen;Lebensdauer: um eine lange Lebensdauer zu gew\u00e4hrleisten, verwenden wir hochwertige Diamantpartikel, um eine maximale Schneidleistung und eine maximale Lebensdauer zu garantieren;Langlebigkeit: strapazierf\u00e4higer Legierungsk\u00f6rper f\u00fcr maximale Leistung;Breites Schlitzdesign: f\u00fcr eine einfache Materialentnahme;Vielseitig: kann entweder mit einem Schleifer, dank der speziellen Adapter, oder einer Bohrmaschine verwendet werden <\/p>\n<p>49565620<br \/>\n0045242308453<\/p>\n","protected":false},"excerpt":{"rendered":"<p>DIAMANTENS\u00c4GE 32 MM -1St.<\/p>\n","protected":false},"featured_media":588529,"template":"","meta":{"_seopress_robots_primary_cat":"","_seopress_titles_title":"","_seopress_titles_desc":"","_seopress_robots_index":""},"product_brand":[3407],"product_cat":[29,514,550],"product_tag":[3270],"class_list":{"0":"post-614379","1":"product","2":"type-product","3":"status-publish","4":"has-post-thumbnail","6":"product_brand-milwaukee","7":"product_cat-macchinari","8":"product_cat-altri-dispositivi","9":"product_cat-accessori-per-trapani-ed-avvitatori","10":"product_tag-import-milwau","11":"sws-conto-ricavi-merci-rivendita-macchinari-de","12":"sws-gruppo-iva-iva81-de","14":"first","15":"onbackorder","16":"sale","17":"shipping-taxable","18":"purchasable","19":"product-type-simple"},"_links":{"self":[{"href":"https:\/\/lucacastelli.com\/de\/wp-json\/wp\/v2\/product\/614379","targetHints":{"allow":["GET"]}}],"collection":[{"href":"https:\/\/lucacastelli.com\/de\/wp-json\/wp\/v2\/product"}],"about":[{"href":"https:\/\/lucacastelli.com\/de\/wp-json\/wp\/v2\/types\/product"}],"wp:featuredmedia":[{"embeddable":true,"href":"https:\/\/lucacastelli.com\/de\/wp-json\/wp\/v2\/media\/588529"}],"wp:attachment":[{"href":"https:\/\/lucacastelli.com\/de\/wp-json\/wp\/v2\/media?parent=614379"}],"wp:term":[{"taxonomy":"product_brand","embeddable":true,"href":"https:\/\/lucacastelli.com\/de\/wp-json\/wp\/v2\/product_brand?post=614379"},{"taxonomy":"product_cat","embeddable":true,"href":"https:\/\/lucacastelli.com\/de\/wp-json\/wp\/v2\/product_cat?post=614379"},{"taxonomy":"product_tag","embeddable":true,"href":"https:\/\/lucacastelli.com\/de\/wp-json\/wp\/v2\/product_tag?post=614379"}],"curies":[{"name":"wp","href":"https:\/\/api.w.org\/{rel}","templated":true}]}}