{"id":614358,"date":"2025-08-08T19:36:28","date_gmt":"2025-08-08T17:36:28","guid":{"rendered":"https:\/\/lucacastelli.com\/prodotto\/milwaukee-hcs-lochsaegen-3\/"},"modified":"2025-08-08T19:36:28","modified_gmt":"2025-08-08T17:36:28","slug":"milwaukee-hcs-lochsaegen-3","status":"publish","type":"product","link":"https:\/\/lucacastelli.com\/de\/produkt\/milwaukee-hcs-lochsaegen-3\/","title":{"rendered":"Milwaukee HCS Lochs\u00e4gen"},"content":{"rendered":"<p>CUP SAW 172 MM &#8211; HCS -1pcs<br \/>\nOptimierte Zahngeometrie 5 Z\u00e4hne pro Zoll f\u00fcr einen sauberen Schnitt in weichen Materialien;F\u00fcr den Einsatz in Kunststoff und Gipskarton<\/p>\n<p>4932472082<br \/>\n4058546324780<\/p>\n","protected":false},"excerpt":{"rendered":"<p>SAW SAW 172 MM &#8211; HCS -1St.<\/p>\n","protected":false},"featured_media":538890,"template":"","meta":{"_seopress_robots_primary_cat":"","_seopress_titles_title":"","_seopress_titles_desc":"","_seopress_robots_index":""},"product_brand":[3407],"product_cat":[29,514,550],"product_tag":[3270],"class_list":{"0":"post-614358","1":"product","2":"type-product","3":"status-publish","4":"has-post-thumbnail","6":"product_brand-milwaukee","7":"product_cat-macchinari","8":"product_cat-altri-dispositivi","9":"product_cat-accessori-per-trapani-ed-avvitatori","10":"product_tag-import-milwau","11":"sws-conto-ricavi-merci-rivendita-macchinari-de","12":"sws-gruppo-iva-iva81-de","14":"first","15":"onbackorder","16":"sale","17":"shipping-taxable","18":"purchasable","19":"product-type-simple"},"_links":{"self":[{"href":"https:\/\/lucacastelli.com\/de\/wp-json\/wp\/v2\/product\/614358","targetHints":{"allow":["GET"]}}],"collection":[{"href":"https:\/\/lucacastelli.com\/de\/wp-json\/wp\/v2\/product"}],"about":[{"href":"https:\/\/lucacastelli.com\/de\/wp-json\/wp\/v2\/types\/product"}],"wp:featuredmedia":[{"embeddable":true,"href":"https:\/\/lucacastelli.com\/de\/wp-json\/wp\/v2\/media\/538890"}],"wp:attachment":[{"href":"https:\/\/lucacastelli.com\/de\/wp-json\/wp\/v2\/media?parent=614358"}],"wp:term":[{"taxonomy":"product_brand","embeddable":true,"href":"https:\/\/lucacastelli.com\/de\/wp-json\/wp\/v2\/product_brand?post=614358"},{"taxonomy":"product_cat","embeddable":true,"href":"https:\/\/lucacastelli.com\/de\/wp-json\/wp\/v2\/product_cat?post=614358"},{"taxonomy":"product_tag","embeddable":true,"href":"https:\/\/lucacastelli.com\/de\/wp-json\/wp\/v2\/product_tag?post=614358"}],"curies":[{"name":"wp","href":"https:\/\/api.w.org\/{rel}","templated":true}]}}