{"id":614300,"date":"2025-08-09T11:15:00","date_gmt":"2025-08-09T09:15:00","guid":{"rendered":"https:\/\/lucacastelli.com\/prodotto\/milwaukee-gruener-rotierender-laserempfaenger-300-meter\/"},"modified":"2025-08-09T11:15:00","modified_gmt":"2025-08-09T09:15:00","slug":"milwaukee-gruener-rotierender-laserempfaenger-300-meter","status":"publish","type":"product","link":"https:\/\/lucacastelli.com\/de\/produkt\/milwaukee-gruener-rotierender-laserempfaenger-300-meter\/","title":{"rendered":"Milwaukee Gr\u00fcner rotierender Laserempf\u00e4nger 300 Meter"},"content":{"rendered":"<p>RD300G \/NIVELLIERLASER-ZUBEH\u00d6R<br \/>\n300 Meter Reichweite in Kombination mit dem M18 RLOHVG300-Laser f\u00fcr Anwendungen \u00fcber gro\u00dfe Entfernungen;RD300G-Empf\u00e4nger mit integrierter Fernbedienung erm\u00f6glicht die Einstellung des M18 RLOHVG300-Lasers aus der Ferne;Leicht ablesbares, hintergrundbeleuchtetes Display in mm und Zoll auf der Vorder- und R\u00fcckseite f\u00fcr gute Sichtbarkeit im Innen- und Au\u00dfenbereich;5 Pr\u00e4zisionseinstellungen zur Anpassung des Empf\u00e4ngers an die jeweilige Anwendung, von 0.5 mm bis 10 mm;Entwickelt, um den h\u00e4rtesten Bedingungen auf der Baustelle standzuhalten: IP67-Klassifizierung, widersteht St\u00fcrzen aus bis zu 2 Metern;Einstellbare Abdeckungen, um Laserinterferenzen und Laserreflexionen von Fenstern auf der Baustelle zu verhindern;Starke Magnete an der Vorderseite und an der Seite des Empf\u00e4ngers erm\u00f6glichen die Befestigung an Metalloberfl\u00e4chen, ideal f\u00fcr Zwischendeckeninstallationen;120 mm Empfangsbereich f\u00fcr maximale Lesbarkeit;Einstellbare Mittellinie f\u00fcr die effizienteste Lasereinstellung<\/p>\n<p>4932493198<br \/>\n4058546480691<\/p>\n","protected":false},"excerpt":{"rendered":"<p>RD300G \/NIVELLIERLASER-ZUBEH\u00d6R<\/p>\n","protected":false},"featured_media":561389,"template":"","meta":{"_seopress_robots_primary_cat":"","_seopress_titles_title":"","_seopress_titles_desc":"","_seopress_robots_index":""},"product_brand":[3407],"product_cat":[29,514,551],"product_tag":[3270],"class_list":{"0":"post-614300","1":"product","2":"type-product","3":"status-publish","4":"has-post-thumbnail","6":"product_brand-milwaukee","7":"product_cat-macchinari","8":"product_cat-altri-dispositivi","9":"product_cat-apparecchi-di-misurazione","10":"product_tag-import-milwau","11":"sws-conto-ricavi-merci-rivendita-macchinari-de","12":"sws-gruppo-iva-iva81-de","14":"first","15":"onbackorder","16":"sale","17":"shipping-taxable","18":"purchasable","19":"product-type-simple"},"_links":{"self":[{"href":"https:\/\/lucacastelli.com\/de\/wp-json\/wp\/v2\/product\/614300","targetHints":{"allow":["GET"]}}],"collection":[{"href":"https:\/\/lucacastelli.com\/de\/wp-json\/wp\/v2\/product"}],"about":[{"href":"https:\/\/lucacastelli.com\/de\/wp-json\/wp\/v2\/types\/product"}],"wp:featuredmedia":[{"embeddable":true,"href":"https:\/\/lucacastelli.com\/de\/wp-json\/wp\/v2\/media\/561389"}],"wp:attachment":[{"href":"https:\/\/lucacastelli.com\/de\/wp-json\/wp\/v2\/media?parent=614300"}],"wp:term":[{"taxonomy":"product_brand","embeddable":true,"href":"https:\/\/lucacastelli.com\/de\/wp-json\/wp\/v2\/product_brand?post=614300"},{"taxonomy":"product_cat","embeddable":true,"href":"https:\/\/lucacastelli.com\/de\/wp-json\/wp\/v2\/product_cat?post=614300"},{"taxonomy":"product_tag","embeddable":true,"href":"https:\/\/lucacastelli.com\/de\/wp-json\/wp\/v2\/product_tag?post=614300"}],"curies":[{"name":"wp","href":"https:\/\/api.w.org\/{rel}","templated":true}]}}