{"id":614251,"date":"2025-08-08T19:35:26","date_gmt":"2025-08-08T17:35:26","guid":{"rendered":"https:\/\/lucacastelli.com\/prodotto\/milwaukee-hole-dozer-saegen-16\/"},"modified":"2025-08-08T19:35:26","modified_gmt":"2025-08-08T17:35:26","slug":"milwaukee-hole-dozer-saegen-16","status":"publish","type":"product","link":"https:\/\/lucacastelli.com\/de\/produkt\/milwaukee-hole-dozer-saegen-16\/","title":{"rendered":"Milwaukee Hole Dozer S\u00e4gen"},"content":{"rendered":"<p>52 MM LOCHS\u00c4GE &#8211; 1 St.<br \/>\nHochleistungs-Bi-Metall-Lochs\u00e4gen; Variable Zahnform (4\/6 Z\u00e4hne pro Zoll), 10\u00b0 Neigung erm\u00f6glicht: Schnellere und aggressivere Schnitte. W\u00e4rmeableitung beim Schneiden f\u00fcr weniger Zahnverschlei\u00df. Spezielles Zahndesign, geringere Klemmneigung bei d\u00fcnneren Materialien. Spezielles Zahndesign reduziert die Neigung zum Festfressen. Ben\u00f6tigt weniger Druck &#8211; Dies wird durch eine Kombination aus aggressiver Zahngeometrie und gutem Spanauswurf erreicht; Zahnzusammensetzung. Matrix II Stahlzusammensetzung mit 8% Kobalt, wodurch die Z\u00e4hne auch bei schwersten Anwendungen intakt bleiben. Bi-Metallische Konstruktion &#8211; die Stahlz\u00e4hne sind mit einem K\u00f6rper aus legiertem Stahl lasergeschwei\u00dft. Die Z\u00e4hne werden bei einer Temperatur von 600\u00b0C mit 65 HRC geh\u00e4rtet, um maximale Haltbarkeit zu gew\u00e4hrleisten. Aufgrund der hohen Verschlei\u00dffestigkeit des Matrix II-Stahls sind diese Lochs\u00e4gen ideal zum Schneiden von Materialien wie Edelstahl und weichen Materialien wie Holz geeignet;Robuster Kern mit einer Dicke von 1,27 mm, der das richtige Gleichgewicht zwischen Steifigkeit und Elastizit\u00e4t bei der Anwendung gew\u00e4hrleistet. Schnitttiefe 41 mm;R\u00fcckenplatte. Der Stahlr\u00fccken hat eine Dicke von 5 mm, was Vibrationen deutlich reduziert und verhindert, dass sich die Lochs\u00e4ge ausdehnt. Hervorragender Rundlauf, sorgt f\u00fcr optimale Leistung;Gro\u00dfer seitlicher Zugangsbereich f\u00fcr schnellen und einfachen Materialabtrag;Aufgrund der robusten Konstruktion und des perfekten Rundlaufs eignen sich diese Lochs\u00e4gen nicht nur f\u00fcr kabelgebundene und kabellose Werkzeuge, sondern k\u00f6nnen manchmal auch mit station\u00e4ren Ger\u00e4ten verwendet werden;Diese Reihe hochwertiger Lochs\u00e4gen ist die perfekte L\u00f6sung zum Schneiden aller Arten von Materialien: Stahl bis zu 1000 N\/mm2, Edelstahl und s\u00e4urebest\u00e4ndiger Stahl, Nichteisenmetalle, Gusseisen, Aluminium, Holz, MDF, Gipskarton, Sandwich, PVC           <\/p>\n<p>49560122<br \/>\n0045242193172<\/p>\n","protected":false},"excerpt":{"rendered":"<p>SAW SAW 52 MM -1St.<\/p>\n","protected":false},"featured_media":587978,"template":"","meta":{"_seopress_robots_primary_cat":"","_seopress_titles_title":"","_seopress_titles_desc":"","_seopress_robots_index":""},"product_brand":[3407],"product_cat":[29,514,550],"product_tag":[3270],"class_list":{"0":"post-614251","1":"product","2":"type-product","3":"status-publish","4":"has-post-thumbnail","6":"product_brand-milwaukee","7":"product_cat-macchinari","8":"product_cat-altri-dispositivi","9":"product_cat-accessori-per-trapani-ed-avvitatori","10":"product_tag-import-milwau","11":"sws-conto-ricavi-merci-rivendita-macchinari-de","12":"sws-gruppo-iva-iva81-de","14":"first","15":"onbackorder","16":"sale","17":"shipping-taxable","18":"purchasable","19":"product-type-simple"},"_links":{"self":[{"href":"https:\/\/lucacastelli.com\/de\/wp-json\/wp\/v2\/product\/614251","targetHints":{"allow":["GET"]}}],"collection":[{"href":"https:\/\/lucacastelli.com\/de\/wp-json\/wp\/v2\/product"}],"about":[{"href":"https:\/\/lucacastelli.com\/de\/wp-json\/wp\/v2\/types\/product"}],"wp:featuredmedia":[{"embeddable":true,"href":"https:\/\/lucacastelli.com\/de\/wp-json\/wp\/v2\/media\/587978"}],"wp:attachment":[{"href":"https:\/\/lucacastelli.com\/de\/wp-json\/wp\/v2\/media?parent=614251"}],"wp:term":[{"taxonomy":"product_brand","embeddable":true,"href":"https:\/\/lucacastelli.com\/de\/wp-json\/wp\/v2\/product_brand?post=614251"},{"taxonomy":"product_cat","embeddable":true,"href":"https:\/\/lucacastelli.com\/de\/wp-json\/wp\/v2\/product_cat?post=614251"},{"taxonomy":"product_tag","embeddable":true,"href":"https:\/\/lucacastelli.com\/de\/wp-json\/wp\/v2\/product_tag?post=614251"}],"curies":[{"name":"wp","href":"https:\/\/api.w.org\/{rel}","templated":true}]}}