{"id":614202,"date":"2025-08-09T11:11:23","date_gmt":"2025-08-09T09:11:23","guid":{"rendered":"https:\/\/lucacastelli.com\/prodotto\/milwaukee-glas-und-fliesenbohrer-5\/"},"modified":"2026-04-15T11:58:02","modified_gmt":"2026-04-15T09:58:02","slug":"milwaukee-glas-und-fliesenbohrer-5","status":"publish","type":"product","link":"https:\/\/lucacastelli.com\/de\/produkt\/milwaukee-glas-und-fliesenbohrer-5\/","title":{"rendered":"MILWAUKEE Bohrer f\u00fcr Glas &amp; Fliesen"},"content":{"rendered":"<p>GLAS- UND FLIESENBOHRER 14X95 MM &#8211; 1 Stk.<br \/>\nGeeignet zum Bohren von nicht geh\u00e4rtetem Glas, mittelweichen Fliesen und Keramik;Gesch\u00e4rftes Hartmetall f\u00fcr schnelleres Bohren;Verst\u00e4rkte Hartmetallschneide f\u00fcr l\u00e4ngere Lebensdauer;Rot gef\u00e4rbte Schneide<\/p>\n<p>4932471858<br \/>\n4058546297572<\/p>\n","protected":false},"excerpt":{"rendered":"<p>GLAS- UND FLIESENBOHRER 14X95 MM &#8211; 1 Stk.<\/p>\n","protected":false},"featured_media":600061,"template":"","meta":{"_seopress_robots_primary_cat":"","_seopress_titles_title":"","_seopress_titles_desc":"","_seopress_robots_index":""},"product_brand":[3407],"product_cat":[514,549,550,33],"product_tag":[3270],"class_list":{"0":"post-614202","1":"product","2":"type-product","3":"status-publish","4":"has-post-thumbnail","6":"product_brand-milwaukee","7":"product_cat-altri-dispositivi","8":"product_cat-trapani-e-avvitatori","9":"product_cat-accessori-per-trapani-ed-avvitatori","10":"product_cat-attrezzature","11":"product_tag-import-milwau","12":"sws-conto-ricavi-merci-rivendita-macchinari-de","13":"sws-gruppo-iva-iva81-de","15":"first","16":"onbackorder","17":"sale","18":"shipping-taxable","19":"purchasable","20":"product-type-simple"},"_links":{"self":[{"href":"https:\/\/lucacastelli.com\/de\/wp-json\/wp\/v2\/product\/614202","targetHints":{"allow":["GET"]}}],"collection":[{"href":"https:\/\/lucacastelli.com\/de\/wp-json\/wp\/v2\/product"}],"about":[{"href":"https:\/\/lucacastelli.com\/de\/wp-json\/wp\/v2\/types\/product"}],"wp:featuredmedia":[{"embeddable":true,"href":"https:\/\/lucacastelli.com\/de\/wp-json\/wp\/v2\/media\/600061"}],"wp:attachment":[{"href":"https:\/\/lucacastelli.com\/de\/wp-json\/wp\/v2\/media?parent=614202"}],"wp:term":[{"taxonomy":"product_brand","embeddable":true,"href":"https:\/\/lucacastelli.com\/de\/wp-json\/wp\/v2\/product_brand?post=614202"},{"taxonomy":"product_cat","embeddable":true,"href":"https:\/\/lucacastelli.com\/de\/wp-json\/wp\/v2\/product_cat?post=614202"},{"taxonomy":"product_tag","embeddable":true,"href":"https:\/\/lucacastelli.com\/de\/wp-json\/wp\/v2\/product_tag?post=614202"}],"curies":[{"name":"wp","href":"https:\/\/api.w.org\/{rel}","templated":true}]}}