{"id":614192,"date":"2025-08-09T11:11:17","date_gmt":"2025-08-09T09:11:17","guid":{"rendered":"https:\/\/lucacastelli.com\/prodotto\/milwaukee-tct-kernbohrer-sds-max-system-7\/"},"modified":"2025-08-09T11:11:17","modified_gmt":"2025-08-09T09:11:17","slug":"milwaukee-tct-kernbohrer-sds-max-system-7","status":"publish","type":"product","link":"https:\/\/lucacastelli.com\/de\/produkt\/milwaukee-tct-kernbohrer-sds-max-system-7\/","title":{"rendered":"Milwaukee TCT-Kernbohrer &#8211; SDS-Max-System"},"content":{"rendered":"<p>EXPULSION HEEL -1pcs<br \/>\n\u00c4u\u00dferst flexibles System, das verschiedene Kombinationen von L\u00e4ngen und Durchmessern erm\u00f6glicht. F\u00fcr Kronen- und Tunnelbohrer. Es werden maximal 3 Verl\u00e4ngerungen empfohlen;Kosteneffizient. Mehr Vielseitigkeit bedeutet weniger Bohrer = weniger Gewicht in der Tasche des Benutzers;Kann an H\u00e4mmern bis zu 8 kg verwendet werden;Tunnelbohrer (mit Gewindebolzen geliefert);Nicht f\u00fcr den Einsatz in Stahlbeton   <\/p>\n<p>4932604214<br \/>\n4002395311231<\/p>\n","protected":false},"excerpt":{"rendered":"<p>EXPULSION HAKEN -1St.<\/p>\n","protected":false},"featured_media":568068,"template":"","meta":{"_seopress_robots_primary_cat":"","_seopress_titles_title":"","_seopress_titles_desc":"","_seopress_robots_index":""},"product_brand":[3407],"product_cat":[514,549,550,33],"product_tag":[3270],"class_list":{"0":"post-614192","1":"product","2":"type-product","3":"status-publish","4":"has-post-thumbnail","6":"product_brand-milwaukee","7":"product_cat-altri-dispositivi","8":"product_cat-trapani-e-avvitatori","9":"product_cat-accessori-per-trapani-ed-avvitatori","10":"product_cat-attrezzature","11":"product_tag-import-milwau","12":"sws-conto-ricavi-merci-rivendita-macchinari-de","13":"sws-gruppo-iva-iva81-de","15":"first","16":"onbackorder","17":"sale","18":"shipping-taxable","19":"purchasable","20":"product-type-simple"},"_links":{"self":[{"href":"https:\/\/lucacastelli.com\/de\/wp-json\/wp\/v2\/product\/614192","targetHints":{"allow":["GET"]}}],"collection":[{"href":"https:\/\/lucacastelli.com\/de\/wp-json\/wp\/v2\/product"}],"about":[{"href":"https:\/\/lucacastelli.com\/de\/wp-json\/wp\/v2\/types\/product"}],"wp:featuredmedia":[{"embeddable":true,"href":"https:\/\/lucacastelli.com\/de\/wp-json\/wp\/v2\/media\/568068"}],"wp:attachment":[{"href":"https:\/\/lucacastelli.com\/de\/wp-json\/wp\/v2\/media?parent=614192"}],"wp:term":[{"taxonomy":"product_brand","embeddable":true,"href":"https:\/\/lucacastelli.com\/de\/wp-json\/wp\/v2\/product_brand?post=614192"},{"taxonomy":"product_cat","embeddable":true,"href":"https:\/\/lucacastelli.com\/de\/wp-json\/wp\/v2\/product_cat?post=614192"},{"taxonomy":"product_tag","embeddable":true,"href":"https:\/\/lucacastelli.com\/de\/wp-json\/wp\/v2\/product_tag?post=614192"}],"curies":[{"name":"wp","href":"https:\/\/api.w.org\/{rel}","templated":true}]}}