{"id":614187,"date":"2025-08-09T11:11:18","date_gmt":"2025-08-09T09:11:18","guid":{"rendered":"https:\/\/lucacastelli.com\/prodotto\/milwaukee-glas-und-fliesenbohrer\/"},"modified":"2026-04-15T11:54:10","modified_gmt":"2026-04-15T09:54:10","slug":"milwaukee-glas-und-fliesenbohrer","status":"publish","type":"product","link":"https:\/\/lucacastelli.com\/de\/produkt\/milwaukee-glas-und-fliesenbohrer\/","title":{"rendered":"MILWAUKEE Glas- &amp; Fliesenbohrer"},"content":{"rendered":"<p>GLAS- UND FLIESENBOHRER 5,5X50 MM &#8211; 1 Stk.<br \/>\nGeeignet zum Bohren von nicht geh\u00e4rtetem Glas, mittelweichen Fliesen und Keramik;Scharfes Hartmetall f\u00fcr schnelleres Bohren;Verst\u00e4rkte Hartmetallschneide f\u00fcr l\u00e4ngere Lebensdauer;Rot markierte Schneide<\/p>\n<p>4932471855<br \/>\n4058546297541<\/p>\n","protected":false},"excerpt":{"rendered":"<p>GLAS- UND FLIESENBOHRER 5,5X50 MM &#8211; 1 Stk.<\/p>\n","protected":false},"featured_media":538023,"template":"","meta":{"_seopress_robots_primary_cat":"","_seopress_titles_title":"","_seopress_titles_desc":"","_seopress_robots_index":""},"product_brand":[3656],"product_cat":[1454,150,1553,1554],"product_tag":[3272],"class_list":{"0":"post-614187","1":"product","2":"type-product","3":"status-publish","4":"has-post-thumbnail","6":"product_brand-milwaukee-de","7":"product_cat-andere-gerate","8":"product_cat-ausrustung","9":"product_cat-bohrer-und-schraubendreher","10":"product_cat-zubehor-fur-bohrmaschinen-und-schraubendreher","11":"product_tag-import-milwau-de","12":"sws-conto-ricavi-merci-rivendita-macchinari-de","13":"sws-gruppo-iva-iva81-de","15":"first","16":"onbackorder","17":"sale","18":"shipping-taxable","19":"purchasable","20":"product-type-simple"},"_links":{"self":[{"href":"https:\/\/lucacastelli.com\/de\/wp-json\/wp\/v2\/product\/614187","targetHints":{"allow":["GET"]}}],"collection":[{"href":"https:\/\/lucacastelli.com\/de\/wp-json\/wp\/v2\/product"}],"about":[{"href":"https:\/\/lucacastelli.com\/de\/wp-json\/wp\/v2\/types\/product"}],"wp:featuredmedia":[{"embeddable":true,"href":"https:\/\/lucacastelli.com\/de\/wp-json\/wp\/v2\/media\/538023"}],"wp:attachment":[{"href":"https:\/\/lucacastelli.com\/de\/wp-json\/wp\/v2\/media?parent=614187"}],"wp:term":[{"taxonomy":"product_brand","embeddable":true,"href":"https:\/\/lucacastelli.com\/de\/wp-json\/wp\/v2\/product_brand?post=614187"},{"taxonomy":"product_cat","embeddable":true,"href":"https:\/\/lucacastelli.com\/de\/wp-json\/wp\/v2\/product_cat?post=614187"},{"taxonomy":"product_tag","embeddable":true,"href":"https:\/\/lucacastelli.com\/de\/wp-json\/wp\/v2\/product_tag?post=614187"}],"curies":[{"name":"wp","href":"https:\/\/api.w.org\/{rel}","templated":true}]}}