{"id":614186,"date":"2025-08-09T11:11:16","date_gmt":"2025-08-09T09:11:16","guid":{"rendered":"https:\/\/lucacastelli.com\/prodotto\/milwaukee-sds-plus-bohrer-mit-absaugung-4-schneiden-modularer-aufbau-6\/"},"modified":"2025-08-09T11:11:16","modified_gmt":"2025-08-09T09:11:16","slug":"milwaukee-sds-plus-bohrer-mit-absaugung-4-schneiden-modularer-aufbau-6","status":"publish","type":"product","link":"https:\/\/lucacastelli.com\/de\/produkt\/milwaukee-sds-plus-bohrer-mit-absaugung-4-schneiden-modularer-aufbau-6\/","title":{"rendered":"Milwaukee SDS-Plus-Bohrer mit Absaugung &#8211; 4 Schneiden &#8211; Modularer Aufbau"},"content":{"rendered":"<p>SDS-Plus ASPIRANT MOD 8&#215;136 MM BITCH<br \/>\nEffizientes staubfreies Bohren f\u00fcr eine sicherere und sauberere Arbeitsumgebung;Erfasst bis zu 99% des Staubs;Aktive Schneiden-K\u00fchlung f\u00fcr eine l\u00e4ngere Lebensdauer;4-Schneiden-Konstruktion erm\u00f6glicht es dir, auch auf Stahlbeton problemlos zu arbeiten;PGM-Markierung f\u00fcr maximale Lochpr\u00e4zision;Universalanschluss f\u00fcr alle g\u00e4ngigen Staubabsauger mit 32 &#8211; 38 mm Schaft<\/p>\n<p>4932471157<br \/>\n4058546287856<\/p>\n","protected":false},"excerpt":{"rendered":"<p>ASPIRATING SDS-Plus DRILL MOD 8&#215;136 MM<\/p>\n","protected":false},"featured_media":600060,"template":"","meta":{"_seopress_robots_primary_cat":"","_seopress_titles_title":"","_seopress_titles_desc":"","_seopress_robots_index":""},"product_brand":[3407],"product_cat":[514,549,550,33],"product_tag":[3270],"class_list":{"0":"post-614186","1":"product","2":"type-product","3":"status-publish","4":"has-post-thumbnail","6":"product_brand-milwaukee","7":"product_cat-altri-dispositivi","8":"product_cat-trapani-e-avvitatori","9":"product_cat-accessori-per-trapani-ed-avvitatori","10":"product_cat-attrezzature","11":"product_tag-import-milwau","12":"sws-conto-ricavi-merci-rivendita-macchinari-de","13":"sws-gruppo-iva-iva81-de","15":"first","16":"onbackorder","17":"sale","18":"shipping-taxable","19":"purchasable","20":"product-type-simple"},"_links":{"self":[{"href":"https:\/\/lucacastelli.com\/de\/wp-json\/wp\/v2\/product\/614186","targetHints":{"allow":["GET"]}}],"collection":[{"href":"https:\/\/lucacastelli.com\/de\/wp-json\/wp\/v2\/product"}],"about":[{"href":"https:\/\/lucacastelli.com\/de\/wp-json\/wp\/v2\/types\/product"}],"wp:featuredmedia":[{"embeddable":true,"href":"https:\/\/lucacastelli.com\/de\/wp-json\/wp\/v2\/media\/600060"}],"wp:attachment":[{"href":"https:\/\/lucacastelli.com\/de\/wp-json\/wp\/v2\/media?parent=614186"}],"wp:term":[{"taxonomy":"product_brand","embeddable":true,"href":"https:\/\/lucacastelli.com\/de\/wp-json\/wp\/v2\/product_brand?post=614186"},{"taxonomy":"product_cat","embeddable":true,"href":"https:\/\/lucacastelli.com\/de\/wp-json\/wp\/v2\/product_cat?post=614186"},{"taxonomy":"product_tag","embeddable":true,"href":"https:\/\/lucacastelli.com\/de\/wp-json\/wp\/v2\/product_tag?post=614186"}],"curies":[{"name":"wp","href":"https:\/\/api.w.org\/{rel}","templated":true}]}}