{"id":614171,"date":"2025-08-09T11:11:12","date_gmt":"2025-08-09T09:11:12","guid":{"rendered":"https:\/\/lucacastelli.com\/prodotto\/milwaukee-sds-plus-bohrer-mit-absaugung-4-schneiden-modularer-aufbau-2\/"},"modified":"2025-08-09T11:11:12","modified_gmt":"2025-08-09T09:11:12","slug":"milwaukee-sds-plus-bohrer-mit-absaugung-4-schneiden-modularer-aufbau-2","status":"publish","type":"product","link":"https:\/\/lucacastelli.com\/de\/produkt\/milwaukee-sds-plus-bohrer-mit-absaugung-4-schneiden-modularer-aufbau-2\/","title":{"rendered":"Milwaukee SDS-Plus-Bohrer mit Absaugung &#8211; 4 Schneiden &#8211; Modularer Aufbau"},"content":{"rendered":"<p>SDS-Plus ASPIRANT MOD 5&#215;136 MM Bohrer<br \/>\nEffizientes staubfreies Bohren f\u00fcr eine sicherere und sauberere Arbeitsumgebung;Erfasst bis zu 99% des Staubs;Aktive Schneiden-K\u00fchlung f\u00fcr l\u00e4ngere Lebensdauer;4-Schneiden-Design erm\u00f6glicht st\u00f6rungsfreies Arbeiten auch auf Stahlbeton;PGM-Markierung f\u00fcr h\u00f6chste Lochpr\u00e4zision;Universalanschluss f\u00fcr alle g\u00e4ngigen Entstauber mit 32 &#8211; 38 mm Schaft<\/p>\n<p>4932471155<br \/>\n4058546287832<\/p>\n","protected":false},"excerpt":{"rendered":"<p>ASPIRATING SDS-Plus BOHRER MOD 5&#215;136 MM<\/p>\n","protected":false},"featured_media":498974,"template":"","meta":{"_seopress_robots_primary_cat":"","_seopress_titles_title":"","_seopress_titles_desc":"","_seopress_robots_index":""},"product_brand":[3407],"product_cat":[514,549,550,33],"product_tag":[3270],"class_list":{"0":"post-614171","1":"product","2":"type-product","3":"status-publish","4":"has-post-thumbnail","6":"product_brand-milwaukee","7":"product_cat-altri-dispositivi","8":"product_cat-trapani-e-avvitatori","9":"product_cat-accessori-per-trapani-ed-avvitatori","10":"product_cat-attrezzature","11":"product_tag-import-milwau","12":"sws-conto-ricavi-merci-rivendita-macchinari-de","13":"sws-gruppo-iva-iva81-de","15":"first","16":"onbackorder","17":"sale","18":"shipping-taxable","19":"purchasable","20":"product-type-simple"},"_links":{"self":[{"href":"https:\/\/lucacastelli.com\/de\/wp-json\/wp\/v2\/product\/614171","targetHints":{"allow":["GET"]}}],"collection":[{"href":"https:\/\/lucacastelli.com\/de\/wp-json\/wp\/v2\/product"}],"about":[{"href":"https:\/\/lucacastelli.com\/de\/wp-json\/wp\/v2\/types\/product"}],"wp:featuredmedia":[{"embeddable":true,"href":"https:\/\/lucacastelli.com\/de\/wp-json\/wp\/v2\/media\/498974"}],"wp:attachment":[{"href":"https:\/\/lucacastelli.com\/de\/wp-json\/wp\/v2\/media?parent=614171"}],"wp:term":[{"taxonomy":"product_brand","embeddable":true,"href":"https:\/\/lucacastelli.com\/de\/wp-json\/wp\/v2\/product_brand?post=614171"},{"taxonomy":"product_cat","embeddable":true,"href":"https:\/\/lucacastelli.com\/de\/wp-json\/wp\/v2\/product_cat?post=614171"},{"taxonomy":"product_tag","embeddable":true,"href":"https:\/\/lucacastelli.com\/de\/wp-json\/wp\/v2\/product_tag?post=614171"}],"curies":[{"name":"wp","href":"https:\/\/api.w.org\/{rel}","templated":true}]}}