{"id":614042,"date":"2025-08-09T11:09:48","date_gmt":"2025-08-09T09:09:48","guid":{"rendered":"https:\/\/lucacastelli.com\/prodotto\/milwaukee-sds-plus-mx4-4-schneider-bohrer-13\/"},"modified":"2025-08-09T11:09:48","modified_gmt":"2025-08-09T09:09:48","slug":"milwaukee-sds-plus-mx4-4-schneider-bohrer-13","status":"publish","type":"product","link":"https:\/\/lucacastelli.com\/de\/produkt\/milwaukee-sds-plus-mx4-4-schneider-bohrer-13\/","title":{"rendered":"Milwaukee SDS-Plus MX4 4-Schneider-Bohrer"},"content":{"rendered":"<p>SDS-Plus BITTER MX4 14X210 MM &#8211; 10pcs<br \/>\nEinzigartiger 4-Schneider-Hartmetallblock (4&#215;90\u00b0). F\u00fcr perfekt runde L\u00f6cher und optimale Verankerung;4-Rillen-Geometrie, sorgt f\u00fcr maximale Absaugung von Staub und Schutt;Zentrierspitze f\u00fcr einfaches Zentrieren und maximale Lochgenauigkeit;Mehr Hartmetall f\u00fchrt zu l\u00e4ngerer Lebensdauer;4 Brechz\u00e4hne erzeugen Mikrobr\u00fcche im Beton, die die Geschwindigkeit erh\u00f6hen. Sie pulverisieren das Material effizienter. 20% schneller als die Konkurrenz;Seitliche Abschr\u00e4gung der Schneide f\u00fcr h\u00f6here Festigkeit in Stahlbeton. Diese Bohrer halten 4-mal l\u00e4nger als 2-Schneiden-Bohrer;Neues Schulterdesign, das sich zur Schneide hin verj\u00fcngt, um die Staubabsaugung zu verbessern, die Geschwindigkeit zu erh\u00f6hen und die Reibung zu minimieren. Bis zu 20 % mehr L\u00f6cher pro Ladung im Vergleich zu Wettbewerbern; Made in Germany      <\/p>\n<p>4932471257<br \/>\n4058546288853<\/p>\n","protected":false},"excerpt":{"rendered":"<p>SDS-Plus BITCH MX4 14X210 MM &#8211; 10 pcs. <\/p>\n","protected":false},"featured_media":600040,"template":"","meta":{"_seopress_robots_primary_cat":"","_seopress_titles_title":"","_seopress_titles_desc":"","_seopress_robots_index":""},"product_brand":[3407],"product_cat":[514,549,550,33],"product_tag":[3270],"class_list":{"0":"post-614042","1":"product","2":"type-product","3":"status-publish","4":"has-post-thumbnail","6":"product_brand-milwaukee","7":"product_cat-altri-dispositivi","8":"product_cat-trapani-e-avvitatori","9":"product_cat-accessori-per-trapani-ed-avvitatori","10":"product_cat-attrezzature","11":"product_tag-import-milwau","12":"sws-conto-ricavi-merci-rivendita-macchinari-de","13":"sws-gruppo-iva-iva81-de","15":"first","16":"onbackorder","17":"sale","18":"shipping-taxable","19":"purchasable","20":"product-type-simple"},"_links":{"self":[{"href":"https:\/\/lucacastelli.com\/de\/wp-json\/wp\/v2\/product\/614042","targetHints":{"allow":["GET"]}}],"collection":[{"href":"https:\/\/lucacastelli.com\/de\/wp-json\/wp\/v2\/product"}],"about":[{"href":"https:\/\/lucacastelli.com\/de\/wp-json\/wp\/v2\/types\/product"}],"wp:featuredmedia":[{"embeddable":true,"href":"https:\/\/lucacastelli.com\/de\/wp-json\/wp\/v2\/media\/600040"}],"wp:attachment":[{"href":"https:\/\/lucacastelli.com\/de\/wp-json\/wp\/v2\/media?parent=614042"}],"wp:term":[{"taxonomy":"product_brand","embeddable":true,"href":"https:\/\/lucacastelli.com\/de\/wp-json\/wp\/v2\/product_brand?post=614042"},{"taxonomy":"product_cat","embeddable":true,"href":"https:\/\/lucacastelli.com\/de\/wp-json\/wp\/v2\/product_cat?post=614042"},{"taxonomy":"product_tag","embeddable":true,"href":"https:\/\/lucacastelli.com\/de\/wp-json\/wp\/v2\/product_tag?post=614042"}],"curies":[{"name":"wp","href":"https:\/\/api.w.org\/{rel}","templated":true}]}}