{"id":613999,"date":"2025-08-09T11:08:59","date_gmt":"2025-08-09T09:08:59","guid":{"rendered":"https:\/\/lucacastelli.com\/prodotto\/milwaukee-breite-selbstzufuehrungsspitzen\/"},"modified":"2025-08-09T11:08:59","modified_gmt":"2025-08-09T09:08:59","slug":"milwaukee-breite-selbstzufuehrungsspitzen","status":"publish","type":"product","link":"https:\/\/lucacastelli.com\/de\/produkt\/milwaukee-breite-selbstzufuehrungsspitzen\/","title":{"rendered":"Milwaukee Breite Selbstzuf\u00fchrungsspitzen"},"content":{"rendered":"<p>Holzbohrer Selfeed Bit 92mm-1pc<br \/>\nDieser Bit hat zwei Innenklingen f\u00fcr einen sauberen, gleichm\u00e4\u00dfigen Schnitt. Auswechselbare Halterung; Auswechselbarer Schaft <\/p>\n<p>4932479490<br \/>\n4058546372842<\/p>\n","protected":false},"excerpt":{"rendered":"<p>Holzbohrer Selfeed Bit 92mm-1pc<\/p>\n","protected":false},"featured_media":544009,"template":"","meta":{"_seopress_robots_primary_cat":"","_seopress_titles_title":"","_seopress_titles_desc":"","_seopress_robots_index":""},"product_brand":[3656],"product_cat":[1454,150,1553,1554],"product_tag":[3272],"class_list":{"0":"post-613999","1":"product","2":"type-product","3":"status-publish","4":"has-post-thumbnail","6":"product_brand-milwaukee-de","7":"product_cat-andere-gerate","8":"product_cat-ausrustung","9":"product_cat-bohrer-und-schraubendreher","10":"product_cat-zubehor-fur-bohrmaschinen-und-schraubendreher","11":"product_tag-import-milwau-de","12":"sws-conto-ricavi-merci-rivendita-macchinari-de","13":"sws-gruppo-iva-iva81-de","15":"first","16":"onbackorder","17":"sale","18":"shipping-taxable","19":"purchasable","20":"product-type-simple"},"_links":{"self":[{"href":"https:\/\/lucacastelli.com\/de\/wp-json\/wp\/v2\/product\/613999","targetHints":{"allow":["GET"]}}],"collection":[{"href":"https:\/\/lucacastelli.com\/de\/wp-json\/wp\/v2\/product"}],"about":[{"href":"https:\/\/lucacastelli.com\/de\/wp-json\/wp\/v2\/types\/product"}],"wp:featuredmedia":[{"embeddable":true,"href":"https:\/\/lucacastelli.com\/de\/wp-json\/wp\/v2\/media\/544009"}],"wp:attachment":[{"href":"https:\/\/lucacastelli.com\/de\/wp-json\/wp\/v2\/media?parent=613999"}],"wp:term":[{"taxonomy":"product_brand","embeddable":true,"href":"https:\/\/lucacastelli.com\/de\/wp-json\/wp\/v2\/product_brand?post=613999"},{"taxonomy":"product_cat","embeddable":true,"href":"https:\/\/lucacastelli.com\/de\/wp-json\/wp\/v2\/product_cat?post=613999"},{"taxonomy":"product_tag","embeddable":true,"href":"https:\/\/lucacastelli.com\/de\/wp-json\/wp\/v2\/product_tag?post=613999"}],"curies":[{"name":"wp","href":"https:\/\/api.w.org\/{rel}","templated":true}]}}