{"id":613998,"date":"2025-08-09T11:08:58","date_gmt":"2025-08-09T09:08:58","guid":{"rendered":"https:\/\/lucacastelli.com\/prodotto\/milwaukee-gummibelaege-fuer-schlagschrauber-5\/"},"modified":"2025-08-09T11:08:58","modified_gmt":"2025-08-09T09:08:58","slug":"milwaukee-gummibelaege-fuer-schlagschrauber-5","status":"publish","type":"product","link":"https:\/\/lucacastelli.com\/de\/produkt\/milwaukee-gummibelaege-fuer-schlagschrauber-5\/","title":{"rendered":"Milwaukee Gummibel\u00e4ge f\u00fcr Schlagschrauber"},"content":{"rendered":"<p>Gummimanschette f\u00fcr M18ONEFMTIW2FC12<br \/>\nLeicht und kompakt, sch\u00fctzt das Werkzeug und die Oberfl\u00e4chen bei minimaler Auswirkung auf die Gr\u00f6\u00dfe und das Gewicht des Werkzeugs;Flexibles Material f\u00fcr einfaches Anbringen und Entfernen;Strapazierf\u00e4higes Gummi, entwickelt, um korrosiven Materialien, die \u00fcblicherweise in Arbeitsumgebungen vorkommen, zu widerstehen;Nicht geeignet f\u00fcr die Verwendung an stromf\u00fchrenden Stromkreisen;Die Verwendung an einem anderen als dem angegebenen Werkzeug kann zu Sch\u00e4den am Werkzeugmotor f\u00fchren und die Garantie ung\u00fcltig machen<\/p>\n<p>4932498144<br \/>\n4058546513047<\/p>\n","protected":false},"excerpt":{"rendered":"<p>Gummimanschette f\u00fcr M18ONEFMTIW2FC12<\/p>\n","protected":false},"featured_media":600029,"template":"","meta":{"_seopress_robots_primary_cat":"","_seopress_titles_title":"","_seopress_titles_desc":"","_seopress_robots_index":""},"product_brand":[3407],"product_cat":[514,549,550,33],"product_tag":[3270],"class_list":{"0":"post-613998","1":"product","2":"type-product","3":"status-publish","4":"has-post-thumbnail","6":"product_brand-milwaukee","7":"product_cat-altri-dispositivi","8":"product_cat-trapani-e-avvitatori","9":"product_cat-accessori-per-trapani-ed-avvitatori","10":"product_cat-attrezzature","11":"product_tag-import-milwau","12":"sws-conto-ricavi-merci-rivendita-macchinari-de","13":"sws-gruppo-iva-iva81-de","15":"first","16":"onbackorder","17":"sale","18":"shipping-taxable","19":"purchasable","20":"product-type-simple"},"_links":{"self":[{"href":"https:\/\/lucacastelli.com\/de\/wp-json\/wp\/v2\/product\/613998","targetHints":{"allow":["GET"]}}],"collection":[{"href":"https:\/\/lucacastelli.com\/de\/wp-json\/wp\/v2\/product"}],"about":[{"href":"https:\/\/lucacastelli.com\/de\/wp-json\/wp\/v2\/types\/product"}],"wp:featuredmedia":[{"embeddable":true,"href":"https:\/\/lucacastelli.com\/de\/wp-json\/wp\/v2\/media\/600029"}],"wp:attachment":[{"href":"https:\/\/lucacastelli.com\/de\/wp-json\/wp\/v2\/media?parent=613998"}],"wp:term":[{"taxonomy":"product_brand","embeddable":true,"href":"https:\/\/lucacastelli.com\/de\/wp-json\/wp\/v2\/product_brand?post=613998"},{"taxonomy":"product_cat","embeddable":true,"href":"https:\/\/lucacastelli.com\/de\/wp-json\/wp\/v2\/product_cat?post=613998"},{"taxonomy":"product_tag","embeddable":true,"href":"https:\/\/lucacastelli.com\/de\/wp-json\/wp\/v2\/product_tag?post=613998"}],"curies":[{"name":"wp","href":"https:\/\/api.w.org\/{rel}","templated":true}]}}