{"id":613990,"date":"2025-08-09T11:08:55","date_gmt":"2025-08-09T09:08:55","guid":{"rendered":"https:\/\/lucacastelli.com\/prodotto\/milwaukee-gummibeschichtung-fuer-m18-onefhiwf1-2\/"},"modified":"2025-08-09T11:08:55","modified_gmt":"2025-08-09T09:08:55","slug":"milwaukee-gummibeschichtung-fuer-m18-onefhiwf1-2","status":"publish","type":"product","link":"https:\/\/lucacastelli.com\/de\/produkt\/milwaukee-gummibeschichtung-fuer-m18-onefhiwf1-2\/","title":{"rendered":"Milwaukee Gummibeschichtung f\u00fcr M18 ONEFHIWF1"},"content":{"rendered":"<p>RUBBER COATING M18 ONEFHIWF1 1pcs<br \/>\nLeicht und kompakt, sch\u00fctzt Werkzeug und Oberfl\u00e4chen bei minimaler Auswirkung auf die Gr\u00f6\u00dfe und das Gewicht des Werkzeugs;Flexibles Material f\u00fcr einfaches Anbringen und Entfernen;Strapazierf\u00e4higes Gummi, entwickelt, um korrosiven Materialien, die \u00fcblicherweise in Arbeitsumgebungen vorkommen, zu widerstehen;Nicht geeignet f\u00fcr die Verwendung auf stromf\u00fchrenden Stromkreisen;Die Verwendung auf anderen als den angegebenen Werkzeugen kann zu Sch\u00e4den am Werkzeugmotor f\u00fchren und die Garantie ung\u00fcltig machen<\/p>\n<p>4932478760<br \/>\n4058546360429<\/p>\n","protected":false},"excerpt":{"rendered":"<p>GUMMI-BESCHICHTUNG M18 ONEFHIWF1 1 St.<\/p>\n","protected":false},"featured_media":541833,"template":"","meta":{"_seopress_robots_primary_cat":"","_seopress_titles_title":"","_seopress_titles_desc":"","_seopress_robots_index":""},"product_brand":[3656],"product_cat":[1454,150,1553,1554],"product_tag":[3272],"class_list":{"0":"post-613990","1":"product","2":"type-product","3":"status-publish","4":"has-post-thumbnail","6":"product_brand-milwaukee-de","7":"product_cat-andere-gerate","8":"product_cat-ausrustung","9":"product_cat-bohrer-und-schraubendreher","10":"product_cat-zubehor-fur-bohrmaschinen-und-schraubendreher","11":"product_tag-import-milwau-de","12":"sws-conto-ricavi-merci-rivendita-macchinari-de","13":"sws-gruppo-iva-iva81-de","15":"first","16":"onbackorder","17":"sale","18":"shipping-taxable","19":"purchasable","20":"product-type-simple"},"_links":{"self":[{"href":"https:\/\/lucacastelli.com\/de\/wp-json\/wp\/v2\/product\/613990","targetHints":{"allow":["GET"]}}],"collection":[{"href":"https:\/\/lucacastelli.com\/de\/wp-json\/wp\/v2\/product"}],"about":[{"href":"https:\/\/lucacastelli.com\/de\/wp-json\/wp\/v2\/types\/product"}],"wp:featuredmedia":[{"embeddable":true,"href":"https:\/\/lucacastelli.com\/de\/wp-json\/wp\/v2\/media\/541833"}],"wp:attachment":[{"href":"https:\/\/lucacastelli.com\/de\/wp-json\/wp\/v2\/media?parent=613990"}],"wp:term":[{"taxonomy":"product_brand","embeddable":true,"href":"https:\/\/lucacastelli.com\/de\/wp-json\/wp\/v2\/product_brand?post=613990"},{"taxonomy":"product_cat","embeddable":true,"href":"https:\/\/lucacastelli.com\/de\/wp-json\/wp\/v2\/product_cat?post=613990"},{"taxonomy":"product_tag","embeddable":true,"href":"https:\/\/lucacastelli.com\/de\/wp-json\/wp\/v2\/product_tag?post=613990"}],"curies":[{"name":"wp","href":"https:\/\/api.w.org\/{rel}","templated":true}]}}