{"id":613985,"date":"2025-08-09T11:08:56","date_gmt":"2025-08-09T09:08:56","guid":{"rendered":"https:\/\/lucacastelli.com\/prodotto\/milwaukee-gummibelaege-fuer-schlagschrauber-3\/"},"modified":"2025-08-09T11:08:56","modified_gmt":"2025-08-09T09:08:56","slug":"milwaukee-gummibelaege-fuer-schlagschrauber-3","status":"publish","type":"product","link":"https:\/\/lucacastelli.com\/de\/produkt\/milwaukee-gummibelaege-fuer-schlagschrauber-3\/","title":{"rendered":"Milwaukee Gummibel\u00e4ge f\u00fcr Schlagschrauber"},"content":{"rendered":"<p>Gummibeschichtung M18 FHIW2P12<br \/>\nLeicht und kompakt, sch\u00fctzt das Werkzeug und die Oberfl\u00e4chen bei minimaler Auswirkung auf die Gr\u00f6\u00dfe und das Gewicht des Werkzeugs;Flexibles Material f\u00fcr einfaches Anbringen und Entfernen;Strapazierf\u00e4higes Gummi, entwickelt, um korrosiven Materialien, die \u00fcblicherweise in Arbeitsumgebungen vorkommen, zu widerstehen;Nicht geeignet f\u00fcr die Verwendung auf stromf\u00fchrenden Stromkreisen;Die Verwendung auf anderen als den angegebenen Werkzeugen kann zu Sch\u00e4den am Werkzeugmotor f\u00fchren und die Garantie ung\u00fcltig machen<\/p>\n<p>4932493581<br \/>\n4058546484521<\/p>\n","protected":false},"excerpt":{"rendered":"<p>Gummibeschichtung M18 FHIW2P12<\/p>\n","protected":false},"featured_media":562733,"template":"","meta":{"_seopress_robots_primary_cat":"","_seopress_titles_title":"","_seopress_titles_desc":"","_seopress_robots_index":""},"product_brand":[3656],"product_cat":[1454,150,1553,1554],"product_tag":[3272],"class_list":{"0":"post-613985","1":"product","2":"type-product","3":"status-publish","4":"has-post-thumbnail","6":"product_brand-milwaukee-de","7":"product_cat-andere-gerate","8":"product_cat-ausrustung","9":"product_cat-bohrer-und-schraubendreher","10":"product_cat-zubehor-fur-bohrmaschinen-und-schraubendreher","11":"product_tag-import-milwau-de","12":"sws-conto-ricavi-merci-rivendita-macchinari-de","13":"sws-gruppo-iva-iva81-de","15":"first","16":"onbackorder","17":"sale","18":"shipping-taxable","19":"purchasable","20":"product-type-simple"},"_links":{"self":[{"href":"https:\/\/lucacastelli.com\/de\/wp-json\/wp\/v2\/product\/613985","targetHints":{"allow":["GET"]}}],"collection":[{"href":"https:\/\/lucacastelli.com\/de\/wp-json\/wp\/v2\/product"}],"about":[{"href":"https:\/\/lucacastelli.com\/de\/wp-json\/wp\/v2\/types\/product"}],"wp:featuredmedia":[{"embeddable":true,"href":"https:\/\/lucacastelli.com\/de\/wp-json\/wp\/v2\/media\/562733"}],"wp:attachment":[{"href":"https:\/\/lucacastelli.com\/de\/wp-json\/wp\/v2\/media?parent=613985"}],"wp:term":[{"taxonomy":"product_brand","embeddable":true,"href":"https:\/\/lucacastelli.com\/de\/wp-json\/wp\/v2\/product_brand?post=613985"},{"taxonomy":"product_cat","embeddable":true,"href":"https:\/\/lucacastelli.com\/de\/wp-json\/wp\/v2\/product_cat?post=613985"},{"taxonomy":"product_tag","embeddable":true,"href":"https:\/\/lucacastelli.com\/de\/wp-json\/wp\/v2\/product_tag?post=613985"}],"curies":[{"name":"wp","href":"https:\/\/api.w.org\/{rel}","templated":true}]}}