{"id":613947,"date":"2025-08-09T11:08:44","date_gmt":"2025-08-09T09:08:44","guid":{"rendered":"https:\/\/lucacastelli.com\/prodotto\/milwaukee-gummibeschichtung-fuer-m12-fhir14-und-m12-fhir38\/"},"modified":"2025-08-09T11:08:44","modified_gmt":"2025-08-09T09:08:44","slug":"milwaukee-gummibeschichtung-fuer-m12-fhir14-und-m12-fhir38","status":"publish","type":"product","link":"https:\/\/lucacastelli.com\/de\/produkt\/milwaukee-gummibeschichtung-fuer-m12-fhir14-und-m12-fhir38\/","title":{"rendered":"Milwaukee Gummibeschichtung f\u00fcr M12 FHIR14 und M12 FHIR38"},"content":{"rendered":"<p>Gummimanschette f\u00fcr M12FHIR14 + R38 1St.<br \/>\nLeicht und kompakt, sch\u00fctzt Werkzeug und Oberfl\u00e4chen bei minimaler Auswirkung auf Gr\u00f6\u00dfe und Gewicht des Werkzeugs;Flexibles Material f\u00fcr einfaches Anbringen und Entfernen;Strapazierf\u00e4higes Gummi, entwickelt, um korrosiven Materialien, die \u00fcblicherweise in Arbeitsumgebungen zu finden sind, zu widerstehen;Nicht geeignet f\u00fcr Anwendungen an stromf\u00fchrenden Stromkreisen;Die Verwendung an einem anderen als dem angegebenen Werkzeug kann zu Sch\u00e4den am Werkzeugmotor f\u00fchren und die Garantie ung\u00fcltig machen<\/p>\n<p>4932479099<\/p>\n","protected":false},"excerpt":{"rendered":"<p>Gummimanschette f\u00fcr M12FHIR14 + R38 1St.<\/p>\n","protected":false},"featured_media":543180,"template":"","meta":{"_seopress_robots_primary_cat":"","_seopress_titles_title":"","_seopress_titles_desc":"","_seopress_robots_index":""},"product_brand":[3656],"product_cat":[1454,1553,1554,150],"product_tag":[3272],"class_list":{"0":"post-613947","1":"product","2":"type-product","3":"status-publish","4":"has-post-thumbnail","6":"product_brand-milwaukee-de","7":"product_cat-andere-gerate","8":"product_cat-bohrer-und-schraubendreher","9":"product_cat-zubehor-fur-bohrmaschinen-und-schraubendreher","10":"product_cat-ausrustung","11":"product_tag-import-milwau-de","12":"sws-conto-ricavi-merci-rivendita-macchinari-de","13":"sws-gruppo-iva-iva81-de","15":"first","16":"onbackorder","17":"sale","18":"shipping-taxable","19":"purchasable","20":"product-type-simple"},"_links":{"self":[{"href":"https:\/\/lucacastelli.com\/de\/wp-json\/wp\/v2\/product\/613947","targetHints":{"allow":["GET"]}}],"collection":[{"href":"https:\/\/lucacastelli.com\/de\/wp-json\/wp\/v2\/product"}],"about":[{"href":"https:\/\/lucacastelli.com\/de\/wp-json\/wp\/v2\/types\/product"}],"wp:featuredmedia":[{"embeddable":true,"href":"https:\/\/lucacastelli.com\/de\/wp-json\/wp\/v2\/media\/543180"}],"wp:attachment":[{"href":"https:\/\/lucacastelli.com\/de\/wp-json\/wp\/v2\/media?parent=613947"}],"wp:term":[{"taxonomy":"product_brand","embeddable":true,"href":"https:\/\/lucacastelli.com\/de\/wp-json\/wp\/v2\/product_brand?post=613947"},{"taxonomy":"product_cat","embeddable":true,"href":"https:\/\/lucacastelli.com\/de\/wp-json\/wp\/v2\/product_cat?post=613947"},{"taxonomy":"product_tag","embeddable":true,"href":"https:\/\/lucacastelli.com\/de\/wp-json\/wp\/v2\/product_tag?post=613947"}],"curies":[{"name":"wp","href":"https:\/\/api.w.org\/{rel}","templated":true}]}}