{"id":613938,"date":"2025-08-09T08:34:15","date_gmt":"2025-08-09T06:34:15","guid":{"rendered":"https:\/\/lucacastelli.com\/prodotto\/milwaukee-ueber-glaeser\/"},"modified":"2025-08-09T08:34:15","modified_gmt":"2025-08-09T06:34:15","slug":"milwaukee-ueber-glaeser","status":"publish","type":"product","link":"https:\/\/lucacastelli.com\/de\/produkt\/milwaukee-ueber-glaeser\/","title":{"rendered":"Milwaukee \u00dcber Gl\u00e4ser"},"content":{"rendered":"<p>OVER EYEWEAR &#8211; Dunkle Gl\u00e4ser<br \/>\nStrapazierf\u00e4hige und kratzfeste Gl\u00e4ser;Langlebige Anti-Beschlag-Gl\u00e4ser;Bequeme und flexible B\u00fcgel f\u00fcr hohen Tragekomfort;Geeignet f\u00fcr das Tragen \u00fcber den g\u00e4ngigsten Brillenfassungen;Wrap-around-Rahmen;Europ\u00e4ische Zertifizierung: EN166 und EN170 \/ EN172<\/p>\n<p>4932493440<br \/>\n4058546483111<\/p>\n","protected":false},"excerpt":{"rendered":"<p>OVERSIGHT &#8211; Dunkle Linse<\/p>\n","protected":false},"featured_media":562412,"template":"","meta":{"_seopress_robots_primary_cat":"","_seopress_titles_title":"","_seopress_titles_desc":"","_seopress_robots_index":""},"product_brand":[3656],"product_cat":[150,1396,1404,1411],"product_tag":[3272],"class_list":{"0":"post-613938","1":"product","2":"type-product","3":"status-publish","4":"has-post-thumbnail","6":"product_brand-milwaukee-de","7":"product_cat-ausrustung","8":"product_cat-arbeitsausrustung","9":"product_cat-helme","10":"product_cat-visiere-und-schutzbrillen","11":"product_tag-import-milwau-de","12":"sws-conto-ricavi-merci-rivendita-macchinari-de","13":"sws-gruppo-iva-iva81-de","15":"first","16":"onbackorder","17":"sale","18":"shipping-taxable","19":"purchasable","20":"product-type-simple"},"_links":{"self":[{"href":"https:\/\/lucacastelli.com\/de\/wp-json\/wp\/v2\/product\/613938","targetHints":{"allow":["GET"]}}],"collection":[{"href":"https:\/\/lucacastelli.com\/de\/wp-json\/wp\/v2\/product"}],"about":[{"href":"https:\/\/lucacastelli.com\/de\/wp-json\/wp\/v2\/types\/product"}],"wp:featuredmedia":[{"embeddable":true,"href":"https:\/\/lucacastelli.com\/de\/wp-json\/wp\/v2\/media\/562412"}],"wp:attachment":[{"href":"https:\/\/lucacastelli.com\/de\/wp-json\/wp\/v2\/media?parent=613938"}],"wp:term":[{"taxonomy":"product_brand","embeddable":true,"href":"https:\/\/lucacastelli.com\/de\/wp-json\/wp\/v2\/product_brand?post=613938"},{"taxonomy":"product_cat","embeddable":true,"href":"https:\/\/lucacastelli.com\/de\/wp-json\/wp\/v2\/product_cat?post=613938"},{"taxonomy":"product_tag","embeddable":true,"href":"https:\/\/lucacastelli.com\/de\/wp-json\/wp\/v2\/product_tag?post=613938"}],"curies":[{"name":"wp","href":"https:\/\/api.w.org\/{rel}","templated":true}]}}