{"id":613931,"date":"2025-08-09T08:33:06","date_gmt":"2025-08-09T06:33:06","guid":{"rendered":"https:\/\/lucacastelli.com\/prodotto\/milwaukee-mx-fuel-battery-backpack\/"},"modified":"2025-08-09T08:33:06","modified_gmt":"2025-08-09T06:33:06","slug":"milwaukee-mx-fuel-battery-backpack","status":"publish","type":"product","link":"https:\/\/lucacastelli.com\/de\/produkt\/milwaukee-mx-fuel-battery-backpack\/","title":{"rendered":"Milwaukee MX FUEL Battery Backpack"},"content":{"rendered":"<p>MXFPBE-0 BATTERIEN<br \/>\nReduziert das Gewicht des Werkzeugs um bis zu 45%, indem das Gewicht des Akkus nach hinten verlagert wird;Erh\u00e4lt die Akkuleistung, ohne die Ergonomie zu beeintr\u00e4chtigen;Maximale Leistung;Abnehmbarer Rucksackgurt;Klappbarer Griff f\u00fcr einfachen Transport oder zum Aufh\u00e4ngen;Kompatibel mit allen MX FUEL-Batterien;Das MX FUEL-System bringt die Akkuleistung auf ein neues Niveau: Leistung von benzinbetriebenen, kabellosen oder pneumatischen L\u00f6sungen und eliminiert die Gefahren, die mit Emissionen, L\u00e4rm, Vibrationen, Stolperfallen und komplexer Wartung verbunden sind<\/p>\n<p>4933498067<br \/>\n4058546512279<\/p>\n","protected":false},"excerpt":{"rendered":"<p>MXFPBE-0 BATTERIEN<\/p>\n","protected":false},"featured_media":586972,"template":"","meta":{"_seopress_robots_primary_cat":"","_seopress_titles_title":"","_seopress_titles_desc":"","_seopress_robots_index":""},"product_brand":[3407],"product_cat":[29,491],"product_tag":[3270],"class_list":{"0":"post-613931","1":"product","2":"type-product","3":"status-publish","4":"has-post-thumbnail","6":"product_brand-milwaukee","7":"product_cat-macchinari","8":"product_cat-accessori-sistemi-a-batteria","9":"product_tag-import-milwau","10":"sws-conto-ricavi-merci-rivendita-macchinari-de","11":"sws-gruppo-iva-iva81-de","13":"first","14":"onbackorder","15":"sale","16":"shipping-taxable","17":"purchasable","18":"product-type-simple"},"_links":{"self":[{"href":"https:\/\/lucacastelli.com\/de\/wp-json\/wp\/v2\/product\/613931","targetHints":{"allow":["GET"]}}],"collection":[{"href":"https:\/\/lucacastelli.com\/de\/wp-json\/wp\/v2\/product"}],"about":[{"href":"https:\/\/lucacastelli.com\/de\/wp-json\/wp\/v2\/types\/product"}],"wp:featuredmedia":[{"embeddable":true,"href":"https:\/\/lucacastelli.com\/de\/wp-json\/wp\/v2\/media\/586972"}],"wp:attachment":[{"href":"https:\/\/lucacastelli.com\/de\/wp-json\/wp\/v2\/media?parent=613931"}],"wp:term":[{"taxonomy":"product_brand","embeddable":true,"href":"https:\/\/lucacastelli.com\/de\/wp-json\/wp\/v2\/product_brand?post=613931"},{"taxonomy":"product_cat","embeddable":true,"href":"https:\/\/lucacastelli.com\/de\/wp-json\/wp\/v2\/product_cat?post=613931"},{"taxonomy":"product_tag","embeddable":true,"href":"https:\/\/lucacastelli.com\/de\/wp-json\/wp\/v2\/product_tag?post=613931"}],"curies":[{"name":"wp","href":"https:\/\/api.w.org\/{rel}","templated":true}]}}