{"id":613930,"date":"2025-08-09T08:30:15","date_gmt":"2025-08-09T06:30:15","guid":{"rendered":"https:\/\/lucacastelli.com\/prodotto\/milwaukee-selbstfahrender-rasenmaeher-3-in-1-53-cm-doppel-akku-2x18v-m18-fuel\/"},"modified":"2025-08-09T08:30:15","modified_gmt":"2025-08-09T06:30:15","slug":"milwaukee-selbstfahrender-rasenmaeher-3-in-1-53-cm-doppel-akku-2x18v-m18-fuel","status":"publish","type":"product","link":"https:\/\/lucacastelli.com\/de\/produkt\/milwaukee-selbstfahrender-rasenmaeher-3-in-1-53-cm-doppel-akku-2x18v-m18-fuel\/","title":{"rendered":"Milwaukee Selbstfahrender Rasenm\u00e4her 3-in-1 53 cm Doppel-Akku (2x18V) M18 FUEL"},"content":{"rendered":"<p>Selbstfahrender 3-in-1-M\u00e4her 53 cm Doppelakku (2x18V) M18 FUEL<br \/>\nM18 F2LM53-122 \/ TOUCHERBA<br \/>\nHervorragende Schnittqualit\u00e4t dank des Messerdesigns: 53 cm M\u00e4hdeck mit Stahlk\u00f6rper, M18 FUEL Technologie;Hervorragende Leistung auch bei hohem Gras, mit maximaler Leistung f\u00fcr die h\u00e4rtesten Eins\u00e4tze;3-in-1-M\u00e4her: Mulchen, Fangsack (70 l) oder Seitenauswurf;Automatische Anpassung der Messerdrehzahl je nach ben\u00f6tigter Leistung f\u00fcr maximale Effizienz;Selbstfahrendes System mit 5 Geschwindigkeitsstufen, bis zu 6.4 km\/h;Einfache und intuitive Geschwindigkeitsregelung;Betrieb mit 2 x 18-V-Akkus in Serie f\u00fcr maximale Kraft und Leistung;Kann mit zwei M18 HIGH OUTPUT\u2122 12 bis zu 2000 m\u00b2 schneiden.0 Ah (gemessen beim Entfernen von 2,5 cm Gras bei 4 km\/h);Front- und Seitenscheinwerfer f\u00fcr 180-Grad-Ausleuchtung, f\u00fcr maximale Schnittpr\u00e4zision;Zentralisierte Schnitth\u00f6heneinstellung in 7 Positionen: 2,5 cm &#8211; 10 cm, f\u00fcr verschiedene Grasarten;Klappbarer Griff f\u00fcr einfachen und bequemen Transport und Lagerung;Inklusive Mulchkappe, 70-Liter-Auffangsack und Seitenauswurfaufsatz;HIGH OUTPUT\u2122 System, verbessert die Leistung und Laufzeit der M18 FUEL Technologie;Funktioniert mit allen Milwaukee M18\u2122 Batterien<\/p>\n<p>4933499213<br \/>\n4058546563776<\/p>\n","protected":false},"excerpt":{"rendered":"<p>M18 F2LM53-122 \/ RASENM\u00c4HER<\/p>\n","protected":false},"featured_media":580372,"template":"","meta":{"_seopress_robots_primary_cat":"","_seopress_titles_title":"","_seopress_titles_desc":"","_seopress_robots_index":""},"product_brand":[3407],"product_cat":[29,262,488],"product_tag":[3270],"class_list":{"0":"post-613930","1":"product","2":"type-product","3":"status-publish","4":"has-post-thumbnail","6":"product_brand-milwaukee","7":"product_cat-macchinari","8":"product_cat-tosaerba-e-robot","9":"product_cat-tosaerba-a-batteria","10":"product_tag-import-milwau","11":"sws-conto-ricavi-merci-rivendita-macchinari-de","12":"sws-gruppo-iva-iva81-de","14":"first","15":"onbackorder","16":"sale","17":"shipping-taxable","18":"purchasable","19":"product-type-simple"},"_links":{"self":[{"href":"https:\/\/lucacastelli.com\/de\/wp-json\/wp\/v2\/product\/613930","targetHints":{"allow":["GET"]}}],"collection":[{"href":"https:\/\/lucacastelli.com\/de\/wp-json\/wp\/v2\/product"}],"about":[{"href":"https:\/\/lucacastelli.com\/de\/wp-json\/wp\/v2\/types\/product"}],"wp:featuredmedia":[{"embeddable":true,"href":"https:\/\/lucacastelli.com\/de\/wp-json\/wp\/v2\/media\/580372"}],"wp:attachment":[{"href":"https:\/\/lucacastelli.com\/de\/wp-json\/wp\/v2\/media?parent=613930"}],"wp:term":[{"taxonomy":"product_brand","embeddable":true,"href":"https:\/\/lucacastelli.com\/de\/wp-json\/wp\/v2\/product_brand?post=613930"},{"taxonomy":"product_cat","embeddable":true,"href":"https:\/\/lucacastelli.com\/de\/wp-json\/wp\/v2\/product_cat?post=613930"},{"taxonomy":"product_tag","embeddable":true,"href":"https:\/\/lucacastelli.com\/de\/wp-json\/wp\/v2\/product_tag?post=613930"}],"curies":[{"name":"wp","href":"https:\/\/api.w.org\/{rel}","templated":true}]}}