{"id":613926,"date":"2025-08-09T08:31:47","date_gmt":"2025-08-09T06:31:47","guid":{"rendered":"https:\/\/lucacastelli.com\/prodotto\/milwaukee-kantentrimmer\/"},"modified":"2025-08-09T08:31:47","modified_gmt":"2025-08-09T06:31:47","slug":"milwaukee-kantentrimmer","status":"publish","type":"product","link":"https:\/\/lucacastelli.com\/de\/produkt\/milwaukee-kantentrimmer\/","title":{"rendered":"Milwaukee Kantentrimmer"},"content":{"rendered":"<p>M18 FEDG-0 \/ RIFILATORS<br \/>\nAusreichend Leistung und Drehmoment f\u00fcr die anspruchsvollsten Anwendungen; 20 cm lange Klinge und leicht einstellbares Daumenrad, mit dem der Benutzer die richtige H\u00f6he f\u00fcr die Anwendung w\u00e4hlen kann; offener Schutz, um Verstopfungen zu vermeiden, mit Sichtlinie zur einfachen Identifizierung der Klinge;Der Schmutzschutz sch\u00fctzt den Benutzer vor Schmutz, Steinen und Gras; die robuste, rutschfeste Platte sorgt f\u00fcr maximalen Schutz des Ger\u00e4ts; die im Schutz integrierte Klingenabnutzungslinie zeigt dem Benutzer immer an, wann er die Klinge wechseln muss; das Ger\u00e4t verf\u00fcgt \u00fcber einen weich gepolsterten Griff f\u00fcr mehr Komfort und weniger Vibrationen; die FUEL-Technologie definiert schnurlose Elektrowerkzeuge neu. Der b\u00fcrstenlose Motor, die REDLINK PLUS\u2122-Elektronik und der REDLITHIUM\u2122-Akku sorgen f\u00fcr \u00fcberragende Leistung und Langlebigkeit;Funktioniert mit allen M18 Milwaukee\u00ae-Akkus <\/p>\n<p>4933493556<br \/>\n4058546484279<\/p>\n","protected":false},"excerpt":{"rendered":"<p>M18 FEDG-0 \/ TRIMMER<\/p>\n","protected":false},"featured_media":589256,"template":"","meta":{"_seopress_robots_primary_cat":"","_seopress_titles_title":"","_seopress_titles_desc":"","_seopress_robots_index":""},"product_brand":[3407],"product_cat":[29,270,281],"product_tag":[3270],"class_list":{"0":"post-613926","1":"product","2":"type-product","3":"status-publish","4":"has-post-thumbnail","6":"product_brand-milwaukee","7":"product_cat-macchinari","8":"product_cat-decespugliatori-e-tagliabordi","9":"product_cat-decespugliatori-e-tagliabordi-a-batteria","10":"product_tag-import-milwau","11":"sws-conto-ricavi-merci-rivendita-macchinari-de","12":"sws-gruppo-iva-iva81-de","14":"first","15":"onbackorder","16":"sale","17":"shipping-taxable","18":"purchasable","19":"product-type-simple"},"_links":{"self":[{"href":"https:\/\/lucacastelli.com\/de\/wp-json\/wp\/v2\/product\/613926","targetHints":{"allow":["GET"]}}],"collection":[{"href":"https:\/\/lucacastelli.com\/de\/wp-json\/wp\/v2\/product"}],"about":[{"href":"https:\/\/lucacastelli.com\/de\/wp-json\/wp\/v2\/types\/product"}],"wp:featuredmedia":[{"embeddable":true,"href":"https:\/\/lucacastelli.com\/de\/wp-json\/wp\/v2\/media\/589256"}],"wp:attachment":[{"href":"https:\/\/lucacastelli.com\/de\/wp-json\/wp\/v2\/media?parent=613926"}],"wp:term":[{"taxonomy":"product_brand","embeddable":true,"href":"https:\/\/lucacastelli.com\/de\/wp-json\/wp\/v2\/product_brand?post=613926"},{"taxonomy":"product_cat","embeddable":true,"href":"https:\/\/lucacastelli.com\/de\/wp-json\/wp\/v2\/product_cat?post=613926"},{"taxonomy":"product_tag","embeddable":true,"href":"https:\/\/lucacastelli.com\/de\/wp-json\/wp\/v2\/product_tag?post=613926"}],"curies":[{"name":"wp","href":"https:\/\/api.w.org\/{rel}","templated":true}]}}