{"id":613924,"date":"2025-08-09T08:30:13","date_gmt":"2025-08-09T06:30:13","guid":{"rendered":"https:\/\/lucacastelli.com\/prodotto\/milwaukee-selbstfahrender-rasenmaeher-3-in-1-46-cm-doppel-akku-2x18v-m18-fuel\/"},"modified":"2025-08-09T08:30:13","modified_gmt":"2025-08-09T06:30:13","slug":"milwaukee-selbstfahrender-rasenmaeher-3-in-1-46-cm-doppel-akku-2x18v-m18-fuel","status":"publish","type":"product","link":"https:\/\/lucacastelli.com\/de\/produkt\/milwaukee-selbstfahrender-rasenmaeher-3-in-1-46-cm-doppel-akku-2x18v-m18-fuel\/","title":{"rendered":"Milwaukee Selbstfahrender Rasenm\u00e4her 3-in-1 46 cm Doppel-Akku (2x18V) M18 FUEL"},"content":{"rendered":"<p>Selbstfahrender 3-in-1-Rasenm\u00e4her 46 cm Doppelakku (2x18V) M18 FUEL<br \/>\nM18 F2LM46-802 \/ TOWERBA<br \/>\nHervorragende Schnittqualit\u00e4t dank Messerkonstruktion: 46 cm langes M\u00e4hdeck mit Stahlk\u00f6rper, M18 FUEL Technologie; kompaktes Design f\u00fcr maximale Wendigkeit auf engem Raum; 3-in-1-M\u00e4her: Mulchen, Fangsack (60 l) oder Seitenauswurf; Turbomodus erm\u00f6glicht den Wechsel zwischen Dauerleistung und au\u00dfergew\u00f6hnlicher Spitzenleistung f\u00fcr beste Schnittqualit\u00e4t und automatische Anpassung der Messergeschwindigkeit an die erforderliche Leistung f\u00fcr mehr Effizienz; selbstfahrendes System mit 5 Geschwindigkeitsstufen, bis zu 65 km\/h;Einfache und intuitive Geschwindigkeitsregelung;Betrieb mit 2 x 18-V-Akkus in Serie f\u00fcr maximale Kraft und Leistung;Schneiden von bis zu 1600 m\u00b2 mit zwei 8,0 Ah M18 HIGH OUTPUT\u2122-Akkus (gemessen durch Entfernen von 2,5 cm Gras bei 4 km\/h);Frontlicht f\u00fcr maximale Schnittpr\u00e4zision;Zentrale Schnitth\u00f6heneinstellung in 7 Positionen: 2.5 cm &#8211; 10 cm, f\u00fcr verschiedene Grasarten;Klappbarer Griff f\u00fcr einfachen und bequemen Transport und Lagerung;Inklusive Mulchaufsatz, 60 l Fangsack und Seitenauswurfvorrichtung;HIGH OUTPUT\u2122 System, erh\u00f6ht die Leistung und Reichweite der M18 FUEL Technologie;Funktioniert mit allen Milwaukee M18\u2122 Batterien<\/p>\n<p>4933499215<br \/>\n4058546563790<\/p>\n","protected":false},"excerpt":{"rendered":"<p>M18 F2LM46-802 \/ RASENM\u00c4HER<\/p>\n","protected":false},"featured_media":435466,"template":"","meta":{"_seopress_robots_primary_cat":"","_seopress_titles_title":"","_seopress_titles_desc":"","_seopress_robots_index":""},"product_brand":[3407],"product_cat":[29,262,488],"product_tag":[3270],"class_list":{"0":"post-613924","1":"product","2":"type-product","3":"status-publish","4":"has-post-thumbnail","6":"product_brand-milwaukee","7":"product_cat-macchinari","8":"product_cat-tosaerba-e-robot","9":"product_cat-tosaerba-a-batteria","10":"product_tag-import-milwau","11":"sws-conto-ricavi-merci-rivendita-macchinari-de","12":"sws-gruppo-iva-iva81-de","14":"first","15":"onbackorder","16":"sale","17":"shipping-taxable","18":"purchasable","19":"product-type-simple"},"_links":{"self":[{"href":"https:\/\/lucacastelli.com\/de\/wp-json\/wp\/v2\/product\/613924","targetHints":{"allow":["GET"]}}],"collection":[{"href":"https:\/\/lucacastelli.com\/de\/wp-json\/wp\/v2\/product"}],"about":[{"href":"https:\/\/lucacastelli.com\/de\/wp-json\/wp\/v2\/types\/product"}],"wp:featuredmedia":[{"embeddable":true,"href":"https:\/\/lucacastelli.com\/de\/wp-json\/wp\/v2\/media\/435466"}],"wp:attachment":[{"href":"https:\/\/lucacastelli.com\/de\/wp-json\/wp\/v2\/media?parent=613924"}],"wp:term":[{"taxonomy":"product_brand","embeddable":true,"href":"https:\/\/lucacastelli.com\/de\/wp-json\/wp\/v2\/product_brand?post=613924"},{"taxonomy":"product_cat","embeddable":true,"href":"https:\/\/lucacastelli.com\/de\/wp-json\/wp\/v2\/product_cat?post=613924"},{"taxonomy":"product_tag","embeddable":true,"href":"https:\/\/lucacastelli.com\/de\/wp-json\/wp\/v2\/product_tag?post=613924"}],"curies":[{"name":"wp","href":"https:\/\/api.w.org\/{rel}","templated":true}]}}