{"id":613915,"date":"2025-08-08T20:08:53","date_gmt":"2025-08-08T18:08:53","guid":{"rendered":"https:\/\/lucacastelli.com\/prodotto\/milwaukee-vakuumsystem-fuer-kronen-o-25-152-mm-ausgestattet-mit-buersten-fuer-einen-verbesserten-vakuumeffekt\/"},"modified":"2025-08-08T20:08:53","modified_gmt":"2025-08-08T18:08:53","slug":"milwaukee-vakuumsystem-fuer-kronen-o-25-152-mm-ausgestattet-mit-buersten-fuer-einen-verbesserten-vakuumeffekt","status":"publish","type":"product","link":"https:\/\/lucacastelli.com\/de\/produkt\/milwaukee-vakuumsystem-fuer-kronen-o-25-152-mm-ausgestattet-mit-buersten-fuer-einen-verbesserten-vakuumeffekt\/","title":{"rendered":"Milwaukee Vakuumsystem f\u00fcr Kronen \u00d8 25 &#8211; 152 mm. Ausgestattet mit B\u00fcrsten f\u00fcr einen verbesserten Vakuumeffekt."},"content":{"rendered":"<p>DRY CROWN SUCTION SYSTEM -1pcs<br \/>\nAbsaugsystem f\u00fcr Kronen mit einem Durchmesser von 25 &#8211; 152 mm. Ausgestattet mit B\u00fcrsten f\u00fcr eine bessere Saugwirkung<\/p>\n<p>4932471990<br \/>\n4058546298890<\/p>\n","protected":false},"excerpt":{"rendered":"<p>DRY CROWN ASPIRATION SYSTEM -1pcs<\/p>\n","protected":false},"featured_media":496696,"template":"","meta":{"_seopress_robots_primary_cat":"","_seopress_titles_title":"","_seopress_titles_desc":"","_seopress_robots_index":""},"product_brand":[3656],"product_cat":[1454,169,1475],"product_tag":[3272],"class_list":{"0":"post-613915","1":"product","2":"type-product","3":"status-publish","4":"has-post-thumbnail","6":"product_brand-milwaukee-de","7":"product_cat-andere-gerate","8":"product_cat-maschinen","9":"product_cat-staubsauger","10":"product_tag-import-milwau-de","11":"sws-conto-ricavi-merci-rivendita-macchinari-de","12":"sws-gruppo-iva-iva81-de","14":"first","15":"onbackorder","16":"sale","17":"shipping-taxable","18":"purchasable","19":"product-type-simple"},"_links":{"self":[{"href":"https:\/\/lucacastelli.com\/de\/wp-json\/wp\/v2\/product\/613915","targetHints":{"allow":["GET"]}}],"collection":[{"href":"https:\/\/lucacastelli.com\/de\/wp-json\/wp\/v2\/product"}],"about":[{"href":"https:\/\/lucacastelli.com\/de\/wp-json\/wp\/v2\/types\/product"}],"wp:featuredmedia":[{"embeddable":true,"href":"https:\/\/lucacastelli.com\/de\/wp-json\/wp\/v2\/media\/496696"}],"wp:attachment":[{"href":"https:\/\/lucacastelli.com\/de\/wp-json\/wp\/v2\/media?parent=613915"}],"wp:term":[{"taxonomy":"product_brand","embeddable":true,"href":"https:\/\/lucacastelli.com\/de\/wp-json\/wp\/v2\/product_brand?post=613915"},{"taxonomy":"product_cat","embeddable":true,"href":"https:\/\/lucacastelli.com\/de\/wp-json\/wp\/v2\/product_cat?post=613915"},{"taxonomy":"product_tag","embeddable":true,"href":"https:\/\/lucacastelli.com\/de\/wp-json\/wp\/v2\/product_tag?post=613915"}],"curies":[{"name":"wp","href":"https:\/\/api.w.org\/{rel}","templated":true}]}}