{"id":613912,"date":"2025-08-08T20:08:52","date_gmt":"2025-08-08T18:08:52","guid":{"rendered":"https:\/\/lucacastelli.com\/prodotto\/milwaukee-meisselsaugsystem\/"},"modified":"2025-08-08T20:08:52","modified_gmt":"2025-08-08T18:08:52","slug":"milwaukee-meisselsaugsystem","status":"publish","type":"product","link":"https:\/\/lucacastelli.com\/de\/produkt\/milwaukee-meisselsaugsystem\/","title":{"rendered":"Milwaukee Mei\u00dfelsaugsystem"},"content":{"rendered":"<p>BREAKER BOOT<br \/>\nUniversal &#8211; Geeignet f\u00fcr die meisten 28 und 30 mm H\u00e4mmer. Passt perfekt zum 28-mm-MX FUEL-Aufbrechhammer; Universal f\u00fcr spitze und flache Mei\u00dfel; Schlankes Design, um enge Stellen zu erreichen; Adapter f\u00fcr Milwaukee\u00ae-Staubsauger<\/p>\n<p>4932471992<br \/>\n4058546298913<\/p>\n","protected":false},"excerpt":{"rendered":"<p>BREAKER BOOT<\/p>\n","protected":false},"featured_media":538709,"template":"","meta":{"_seopress_robots_primary_cat":"","_seopress_titles_title":"","_seopress_titles_desc":"","_seopress_robots_index":""},"product_brand":[3656],"product_cat":[1454,169,1475],"product_tag":[3272],"class_list":{"0":"post-613912","1":"product","2":"type-product","3":"status-publish","4":"has-post-thumbnail","6":"product_brand-milwaukee-de","7":"product_cat-andere-gerate","8":"product_cat-maschinen","9":"product_cat-staubsauger","10":"product_tag-import-milwau-de","11":"sws-conto-ricavi-merci-rivendita-macchinari-de","12":"sws-gruppo-iva-iva81-de","14":"first","15":"onbackorder","16":"sale","17":"shipping-taxable","18":"purchasable","19":"product-type-simple"},"_links":{"self":[{"href":"https:\/\/lucacastelli.com\/de\/wp-json\/wp\/v2\/product\/613912","targetHints":{"allow":["GET"]}}],"collection":[{"href":"https:\/\/lucacastelli.com\/de\/wp-json\/wp\/v2\/product"}],"about":[{"href":"https:\/\/lucacastelli.com\/de\/wp-json\/wp\/v2\/types\/product"}],"wp:featuredmedia":[{"embeddable":true,"href":"https:\/\/lucacastelli.com\/de\/wp-json\/wp\/v2\/media\/538709"}],"wp:attachment":[{"href":"https:\/\/lucacastelli.com\/de\/wp-json\/wp\/v2\/media?parent=613912"}],"wp:term":[{"taxonomy":"product_brand","embeddable":true,"href":"https:\/\/lucacastelli.com\/de\/wp-json\/wp\/v2\/product_brand?post=613912"},{"taxonomy":"product_cat","embeddable":true,"href":"https:\/\/lucacastelli.com\/de\/wp-json\/wp\/v2\/product_cat?post=613912"},{"taxonomy":"product_tag","embeddable":true,"href":"https:\/\/lucacastelli.com\/de\/wp-json\/wp\/v2\/product_tag?post=613912"}],"curies":[{"name":"wp","href":"https:\/\/api.w.org\/{rel}","templated":true}]}}