{"id":613901,"date":"2025-08-09T19:31:53","date_gmt":"2025-08-09T17:31:53","guid":{"rendered":"https:\/\/lucacastelli.com\/prodotto\/milwaukee-selbstsichernde-zange\/"},"modified":"2025-08-09T19:31:53","modified_gmt":"2025-08-09T17:31:53","slug":"milwaukee-selbstsichernde-zange","status":"publish","type":"product","link":"https:\/\/lucacastelli.com\/de\/produkt\/milwaukee-selbstsichernde-zange\/","title":{"rendered":"Milwaukee Selbstsichernde Zange"},"content":{"rendered":"<p>SELBSTSICHERNDE ZANGE. SIZED HOOKS 170 mm 1pcs<br \/>\nSelbstsichernde TORQUE LOCK \u2122 Zange: schnelle und einfache Montage sowohl auf flachen als auch auf runden Oberfl\u00e4chen. Es kann zus\u00e4tzliche Kraft aufgebracht werden. Kann auch zum Aufh\u00e4ngen oder Lagern von Material verwendet werden;Geh\u00e4rtete Backen f\u00fcr besseren Grip und Halt am Material;Rostschutz: Verchromung erh\u00f6ht die Haltbarkeit durch Reduzierung der Korrosion;Traditionelles Hebeldesign;MAXBITE\u2122 selbstsichernde Zangen haben ein spezielles Backendesign f\u00fcr maximalen Grip   <\/p>\n<p>4932471730<br \/>\n4058546296292<\/p>\n","protected":false},"excerpt":{"rendered":"<p>AUT. GESTALTENE HAKEN 170 mm 1 St. <\/p>\n","protected":false},"featured_media":537679,"template":"","meta":{"_seopress_robots_primary_cat":"","_seopress_titles_title":"","_seopress_titles_desc":"","_seopress_robots_index":""},"product_brand":[3407],"product_cat":[5416,33],"product_tag":[3270],"class_list":{"0":"post-613901","1":"product","2":"type-product","3":"status-publish","4":"has-post-thumbnail","6":"product_brand-milwaukee","7":"product_cat-utensili-per-officina","8":"product_cat-attrezzature","9":"product_tag-import-milwau","10":"sws-conto-ricavi-merci-rivendita-macchinari-de","11":"sws-gruppo-iva-iva81-de","13":"first","14":"onbackorder","15":"sale","16":"shipping-taxable","17":"purchasable","18":"product-type-simple"},"_links":{"self":[{"href":"https:\/\/lucacastelli.com\/de\/wp-json\/wp\/v2\/product\/613901","targetHints":{"allow":["GET"]}}],"collection":[{"href":"https:\/\/lucacastelli.com\/de\/wp-json\/wp\/v2\/product"}],"about":[{"href":"https:\/\/lucacastelli.com\/de\/wp-json\/wp\/v2\/types\/product"}],"wp:featuredmedia":[{"embeddable":true,"href":"https:\/\/lucacastelli.com\/de\/wp-json\/wp\/v2\/media\/537679"}],"wp:attachment":[{"href":"https:\/\/lucacastelli.com\/de\/wp-json\/wp\/v2\/media?parent=613901"}],"wp:term":[{"taxonomy":"product_brand","embeddable":true,"href":"https:\/\/lucacastelli.com\/de\/wp-json\/wp\/v2\/product_brand?post=613901"},{"taxonomy":"product_cat","embeddable":true,"href":"https:\/\/lucacastelli.com\/de\/wp-json\/wp\/v2\/product_cat?post=613901"},{"taxonomy":"product_tag","embeddable":true,"href":"https:\/\/lucacastelli.com\/de\/wp-json\/wp\/v2\/product_tag?post=613901"}],"curies":[{"name":"wp","href":"https:\/\/api.w.org\/{rel}","templated":true}]}}