{"id":613896,"date":"2025-08-10T08:36:19","date_gmt":"2025-08-10T06:36:19","guid":{"rendered":"https:\/\/lucacastelli.com\/prodotto\/milwaukee-schluessel\/"},"modified":"2025-08-10T08:36:19","modified_gmt":"2025-08-10T06:36:19","slug":"milwaukee-schluessel","status":"publish","type":"product","link":"https:\/\/lucacastelli.com\/de\/produkt\/milwaukee-schluessel\/","title":{"rendered":"Milwaukee Schl\u00fcssel"},"content":{"rendered":"<p>\u00d6FFNENDER SCHRAUBENSCHL\u00dcSSEL 1 3\/8<br \/>\nOffener SW 1 3\/8Zoll-Schraubenschl\u00fcssel zum Abst\u00fctzen des Bohrfutters beim Wechseln des Bohrers<\/p>\n<p>49964705<br \/>\n0045242222766<\/p>\n","protected":false},"excerpt":{"rendered":"<p>SCHL\u00dcSSEL MIT \u00d6FFNUNG 1 3\/8<\/p>\n","protected":false},"featured_media":588679,"template":"","meta":{"_seopress_robots_primary_cat":"","_seopress_titles_title":"","_seopress_titles_desc":"","_seopress_robots_index":""},"product_brand":[3407],"product_cat":[5416,33],"product_tag":[3270],"class_list":{"0":"post-613896","1":"product","2":"type-product","3":"status-publish","4":"has-post-thumbnail","6":"product_brand-milwaukee","7":"product_cat-utensili-per-officina","8":"product_cat-attrezzature","9":"product_tag-import-milwau","10":"sws-conto-ricavi-merci-rivendita-macchinari-de","11":"sws-gruppo-iva-iva81-de","13":"first","14":"onbackorder","15":"sale","16":"shipping-taxable","17":"purchasable","18":"product-type-simple"},"_links":{"self":[{"href":"https:\/\/lucacastelli.com\/de\/wp-json\/wp\/v2\/product\/613896","targetHints":{"allow":["GET"]}}],"collection":[{"href":"https:\/\/lucacastelli.com\/de\/wp-json\/wp\/v2\/product"}],"about":[{"href":"https:\/\/lucacastelli.com\/de\/wp-json\/wp\/v2\/types\/product"}],"wp:featuredmedia":[{"embeddable":true,"href":"https:\/\/lucacastelli.com\/de\/wp-json\/wp\/v2\/media\/588679"}],"wp:attachment":[{"href":"https:\/\/lucacastelli.com\/de\/wp-json\/wp\/v2\/media?parent=613896"}],"wp:term":[{"taxonomy":"product_brand","embeddable":true,"href":"https:\/\/lucacastelli.com\/de\/wp-json\/wp\/v2\/product_brand?post=613896"},{"taxonomy":"product_cat","embeddable":true,"href":"https:\/\/lucacastelli.com\/de\/wp-json\/wp\/v2\/product_cat?post=613896"},{"taxonomy":"product_tag","embeddable":true,"href":"https:\/\/lucacastelli.com\/de\/wp-json\/wp\/v2\/product_tag?post=613896"}],"curies":[{"name":"wp","href":"https:\/\/api.w.org\/{rel}","templated":true}]}}