{"id":613894,"date":"2025-08-10T08:36:17","date_gmt":"2025-08-10T06:36:17","guid":{"rendered":"https:\/\/lucacastelli.com\/prodotto\/milwaukee-high-performance-schleifpapier-fuer-roto-orbitale-%e2%8c%80125-150-mm-7\/"},"modified":"2025-08-10T08:36:17","modified_gmt":"2025-08-10T06:36:17","slug":"milwaukee-high-performance-schleifpapier-fuer-roto-orbitale-%e2%8c%80125-150-mm-7","status":"publish","type":"product","link":"https:\/\/lucacastelli.com\/de\/produkt\/milwaukee-high-performance-schleifpapier-fuer-roto-orbitale-%e2%8c%80125-150-mm-7\/","title":{"rendered":"Milwaukee HIGH PERFORMANCE Schleifpapier f\u00fcr Roto-Orbitale \u2300125 &amp; 150 mm"},"content":{"rendered":"<p>DISC ABR HP 125MM\/8 HOLES G.240 &#8211; 50pcs<br \/>\nFlexibler Papiertr\u00e4ger mit Aluminiumoxid mit Stearatbeschichtung, verhindert Verstopfung;Schleifkornbeschichtung mit Anti-Verstopfungsfilm f\u00fcr schnelleren Materialabtrag und h\u00f6here Produktivit\u00e4t;2-mal l\u00e4ngere Lebensdauer im Vergleich zu Standardpapier;Geeignet f\u00fcr alle Arten von Holz, Farbe, Putz und Spachtel<\/p>\n<p>4932492202<br \/>\n4058546415693<\/p>\n","protected":false},"excerpt":{"rendered":"<p>SCHEIBE ABR HP 125MM\/8 L\u00d6CHER G.240 &#8211; 50 Stk.<\/p>\n","protected":false},"featured_media":600512,"template":"","meta":{"_seopress_robots_primary_cat":"","_seopress_titles_title":"","_seopress_titles_desc":"","_seopress_robots_index":""},"product_brand":[3407],"product_cat":[5416,33],"product_tag":[3270],"class_list":{"0":"post-613894","1":"product","2":"type-product","3":"status-publish","4":"has-post-thumbnail","6":"product_brand-milwaukee","7":"product_cat-utensili-per-officina","8":"product_cat-attrezzature","9":"product_tag-import-milwau","10":"sws-conto-ricavi-merci-rivendita-macchinari-de","11":"sws-gruppo-iva-iva81-de","13":"first","14":"onbackorder","15":"sale","16":"shipping-taxable","17":"purchasable","18":"product-type-simple"},"_links":{"self":[{"href":"https:\/\/lucacastelli.com\/de\/wp-json\/wp\/v2\/product\/613894","targetHints":{"allow":["GET"]}}],"collection":[{"href":"https:\/\/lucacastelli.com\/de\/wp-json\/wp\/v2\/product"}],"about":[{"href":"https:\/\/lucacastelli.com\/de\/wp-json\/wp\/v2\/types\/product"}],"wp:featuredmedia":[{"embeddable":true,"href":"https:\/\/lucacastelli.com\/de\/wp-json\/wp\/v2\/media\/600512"}],"wp:attachment":[{"href":"https:\/\/lucacastelli.com\/de\/wp-json\/wp\/v2\/media?parent=613894"}],"wp:term":[{"taxonomy":"product_brand","embeddable":true,"href":"https:\/\/lucacastelli.com\/de\/wp-json\/wp\/v2\/product_brand?post=613894"},{"taxonomy":"product_cat","embeddable":true,"href":"https:\/\/lucacastelli.com\/de\/wp-json\/wp\/v2\/product_cat?post=613894"},{"taxonomy":"product_tag","embeddable":true,"href":"https:\/\/lucacastelli.com\/de\/wp-json\/wp\/v2\/product_tag?post=613894"}],"curies":[{"name":"wp","href":"https:\/\/api.w.org\/{rel}","templated":true}]}}