{"id":613870,"date":"2025-08-10T08:36:05","date_gmt":"2025-08-10T06:36:05","guid":{"rendered":"https:\/\/lucacastelli.com\/prodotto\/milwaukee-light-tower-bag-m18-hosalc-m18-sal2-m12-sal\/"},"modified":"2025-08-10T08:36:05","modified_gmt":"2025-08-10T06:36:05","slug":"milwaukee-light-tower-bag-m18-hosalc-m18-sal2-m12-sal","status":"publish","type":"product","link":"https:\/\/lucacastelli.com\/de\/produkt\/milwaukee-light-tower-bag-m18-hosalc-m18-sal2-m12-sal\/","title":{"rendered":"Milwaukee Light Tower Bag M18 HOSALC, M18 SAL2, M12 SAL"},"content":{"rendered":"<p>M18TOWERLIGHTBAG POCKET<br \/>\nKompatibel mit M18 HOSALC und M18 SAL;Polyester 1680D, f\u00fcr maximale Festigkeit;Riemen und Griffe f\u00fcr einfaches Tragen;Maximales Fassungsverm\u00f6gen: Platz f\u00fcr Batterien und Werkzeuge<\/p>\n<p>4933479643<br \/>\n4058546374372<\/p>\n","protected":false},"excerpt":{"rendered":"<p>M18TOWERLIGHTBAG TASCHE<\/p>\n","protected":false},"featured_media":580943,"template":"","meta":{"_seopress_robots_primary_cat":"","_seopress_titles_title":"","_seopress_titles_desc":"","_seopress_robots_index":""},"product_brand":[3407],"product_cat":[5416,33],"product_tag":[3270],"class_list":{"0":"post-613870","1":"product","2":"type-product","3":"status-publish","4":"has-post-thumbnail","6":"product_brand-milwaukee","7":"product_cat-utensili-per-officina","8":"product_cat-attrezzature","9":"product_tag-import-milwau","10":"sws-conto-ricavi-merci-rivendita-macchinari-de","11":"sws-gruppo-iva-iva81-de","13":"first","14":"onbackorder","15":"sale","16":"shipping-taxable","17":"purchasable","18":"product-type-simple"},"_links":{"self":[{"href":"https:\/\/lucacastelli.com\/de\/wp-json\/wp\/v2\/product\/613870","targetHints":{"allow":["GET"]}}],"collection":[{"href":"https:\/\/lucacastelli.com\/de\/wp-json\/wp\/v2\/product"}],"about":[{"href":"https:\/\/lucacastelli.com\/de\/wp-json\/wp\/v2\/types\/product"}],"wp:featuredmedia":[{"embeddable":true,"href":"https:\/\/lucacastelli.com\/de\/wp-json\/wp\/v2\/media\/580943"}],"wp:attachment":[{"href":"https:\/\/lucacastelli.com\/de\/wp-json\/wp\/v2\/media?parent=613870"}],"wp:term":[{"taxonomy":"product_brand","embeddable":true,"href":"https:\/\/lucacastelli.com\/de\/wp-json\/wp\/v2\/product_brand?post=613870"},{"taxonomy":"product_cat","embeddable":true,"href":"https:\/\/lucacastelli.com\/de\/wp-json\/wp\/v2\/product_cat?post=613870"},{"taxonomy":"product_tag","embeddable":true,"href":"https:\/\/lucacastelli.com\/de\/wp-json\/wp\/v2\/product_tag?post=613870"}],"curies":[{"name":"wp","href":"https:\/\/api.w.org\/{rel}","templated":true}]}}