{"id":613865,"date":"2025-08-10T08:36:06","date_gmt":"2025-08-10T06:36:06","guid":{"rendered":"https:\/\/lucacastelli.com\/prodotto\/milwaukee-kuehltasche\/"},"modified":"2025-08-10T08:36:06","modified_gmt":"2025-08-10T06:36:06","slug":"milwaukee-kuehltasche","status":"publish","type":"product","link":"https:\/\/lucacastelli.com\/de\/produkt\/milwaukee-kuehltasche\/","title":{"rendered":"Milwaukee K\u00fchltasche"},"content":{"rendered":"<p>THERMAL BAG -1pcs<br \/>\nStrapazierf\u00e4hige Konstruktion aus 1680D ballistischem Nylon mit korrosionsbest\u00e4ndigen Rei\u00dfverschl\u00fcssen f\u00fcr maximale Haltbarkeit; Entwickelt, um den h\u00e4rtesten Bedingungen standzuhalten; Doppelt wasserdichte Innenisolierung, h\u00e4lt Eis bis zu 24 Stunden ohne auszulaufen; Flexiometer-Clip mit Flaschen\u00f6ffner f\u00fcr maximale Vielseitigkeit; Gepolsterter Schultergurt f\u00fcr maximale Haltbarkeit und Komfort; Trockene technische Tasche zur Aufbewahrung von Tablets und elektronischen Ger\u00e4ten<\/p>\n<p>4932464835<br \/>\n4058546227807<\/p>\n","protected":false},"excerpt":{"rendered":"<p>COOL BAG -1pcs<\/p>\n","protected":false},"featured_media":529993,"template":"","meta":{"_seopress_robots_primary_cat":"","_seopress_titles_title":"","_seopress_titles_desc":"","_seopress_robots_index":""},"product_brand":[3407],"product_cat":[5416,33],"product_tag":[3270],"class_list":{"0":"post-613865","1":"product","2":"type-product","3":"status-publish","4":"has-post-thumbnail","6":"product_brand-milwaukee","7":"product_cat-utensili-per-officina","8":"product_cat-attrezzature","9":"product_tag-import-milwau","10":"sws-conto-ricavi-merci-rivendita-macchinari-de","11":"sws-gruppo-iva-iva81-de","13":"first","14":"onbackorder","15":"sale","16":"shipping-taxable","17":"purchasable","18":"product-type-simple"},"_links":{"self":[{"href":"https:\/\/lucacastelli.com\/de\/wp-json\/wp\/v2\/product\/613865","targetHints":{"allow":["GET"]}}],"collection":[{"href":"https:\/\/lucacastelli.com\/de\/wp-json\/wp\/v2\/product"}],"about":[{"href":"https:\/\/lucacastelli.com\/de\/wp-json\/wp\/v2\/types\/product"}],"wp:featuredmedia":[{"embeddable":true,"href":"https:\/\/lucacastelli.com\/de\/wp-json\/wp\/v2\/media\/529993"}],"wp:attachment":[{"href":"https:\/\/lucacastelli.com\/de\/wp-json\/wp\/v2\/media?parent=613865"}],"wp:term":[{"taxonomy":"product_brand","embeddable":true,"href":"https:\/\/lucacastelli.com\/de\/wp-json\/wp\/v2\/product_brand?post=613865"},{"taxonomy":"product_cat","embeddable":true,"href":"https:\/\/lucacastelli.com\/de\/wp-json\/wp\/v2\/product_cat?post=613865"},{"taxonomy":"product_tag","embeddable":true,"href":"https:\/\/lucacastelli.com\/de\/wp-json\/wp\/v2\/product_tag?post=613865"}],"curies":[{"name":"wp","href":"https:\/\/api.w.org\/{rel}","templated":true}]}}