{"id":613862,"date":"2025-08-10T08:36:02","date_gmt":"2025-08-10T06:36:02","guid":{"rendered":"https:\/\/lucacastelli.com\/prodotto\/milwaukee-39-in-1-praezisionsschraubendreher-set-mit-koffer\/"},"modified":"2025-08-10T08:36:02","modified_gmt":"2025-08-10T06:36:02","slug":"milwaukee-39-in-1-praezisionsschraubendreher-set-mit-koffer","status":"publish","type":"product","link":"https:\/\/lucacastelli.com\/de\/produkt\/milwaukee-39-in-1-praezisionsschraubendreher-set-mit-koffer\/","title":{"rendered":"Milwaukee 39 in 1 Pr\u00e4zisionsschraubendreher-Set mit Koffer"},"content":{"rendered":"<p>39 in 1 Pr\u00e4zisionsschraubendreher-Set mit Koffer<br \/>\nGriff mit 360-Grad-Drehkopf f\u00fcr bessere Kontrolle und maximale Pr\u00e4zision, optimiert f\u00fcr jede Anwendung; oderin einem strapazierf\u00e4higen PACKOUT\u2122-kompatiblen Koffer, der das Entfernen der Bits erleichtert<\/p>\n<p>4932498177<br \/>\n4058546520465<\/p>\n","protected":false},"excerpt":{"rendered":"<p>39 in 1 Pr\u00e4zisionsschraubendreher-Set mit Etui<\/p>\n","protected":false},"featured_media":566496,"template":"","meta":{"_seopress_robots_primary_cat":"","_seopress_titles_title":"","_seopress_titles_desc":"","_seopress_robots_index":""},"product_brand":[3407],"product_cat":[5416,33],"product_tag":[3270],"class_list":{"0":"post-613862","1":"product","2":"type-product","3":"status-publish","4":"has-post-thumbnail","6":"product_brand-milwaukee","7":"product_cat-utensili-per-officina","8":"product_cat-attrezzature","9":"product_tag-import-milwau","10":"sws-conto-ricavi-merci-rivendita-macchinari-de","11":"sws-gruppo-iva-iva81-de","13":"first","14":"onbackorder","15":"sale","16":"shipping-taxable","17":"purchasable","18":"product-type-simple"},"_links":{"self":[{"href":"https:\/\/lucacastelli.com\/de\/wp-json\/wp\/v2\/product\/613862","targetHints":{"allow":["GET"]}}],"collection":[{"href":"https:\/\/lucacastelli.com\/de\/wp-json\/wp\/v2\/product"}],"about":[{"href":"https:\/\/lucacastelli.com\/de\/wp-json\/wp\/v2\/types\/product"}],"wp:featuredmedia":[{"embeddable":true,"href":"https:\/\/lucacastelli.com\/de\/wp-json\/wp\/v2\/media\/566496"}],"wp:attachment":[{"href":"https:\/\/lucacastelli.com\/de\/wp-json\/wp\/v2\/media?parent=613862"}],"wp:term":[{"taxonomy":"product_brand","embeddable":true,"href":"https:\/\/lucacastelli.com\/de\/wp-json\/wp\/v2\/product_brand?post=613862"},{"taxonomy":"product_cat","embeddable":true,"href":"https:\/\/lucacastelli.com\/de\/wp-json\/wp\/v2\/product_cat?post=613862"},{"taxonomy":"product_tag","embeddable":true,"href":"https:\/\/lucacastelli.com\/de\/wp-json\/wp\/v2\/product_tag?post=613862"}],"curies":[{"name":"wp","href":"https:\/\/api.w.org\/{rel}","templated":true}]}}