{"id":613820,"date":"2025-08-09T20:07:31","date_gmt":"2025-08-09T18:07:31","guid":{"rendered":"https:\/\/lucacastelli.com\/prodotto\/milwaukee-japaner-levachiodi-3\/"},"modified":"2025-08-09T20:07:31","modified_gmt":"2025-08-09T18:07:31","slug":"milwaukee-japaner-levachiodi-3","status":"publish","type":"product","link":"https:\/\/lucacastelli.com\/de\/produkt\/milwaukee-japaner-levachiodi-3\/","title":{"rendered":"Milwaukee &#8221;Japaner&#8221; Levachiodi"},"content":{"rendered":"<p>JAPANISCHER NAGELENTFERNER 305 mm<br \/>\nDas Design erm\u00f6glicht ein einfaches Entfernen der N\u00e4gel und minimiert die Besch\u00e4digung der Oberfl\u00e4che; das schlanke Ende erm\u00f6glicht das Erreichen der N\u00e4gel auch auf engstem Raum; der Griff reduziert die Vibrationen erheblich<\/p>\n<p>4932478251<br \/>\n4058546344283<\/p>\n","protected":false},"excerpt":{"rendered":"<p>JAPANISCHES GER\u00c4T LEVELLER 305 mm<\/p>\n","protected":false},"featured_media":540412,"template":"","meta":{"_seopress_robots_primary_cat":"","_seopress_titles_title":"","_seopress_titles_desc":"","_seopress_robots_index":""},"product_brand":[3407],"product_cat":[5416,33],"product_tag":[3270],"class_list":{"0":"post-613820","1":"product","2":"type-product","3":"status-publish","4":"has-post-thumbnail","6":"product_brand-milwaukee","7":"product_cat-utensili-per-officina","8":"product_cat-attrezzature","9":"product_tag-import-milwau","10":"sws-conto-ricavi-merci-rivendita-macchinari-de","11":"sws-gruppo-iva-iva81-de","13":"first","14":"onbackorder","15":"sale","16":"shipping-taxable","17":"purchasable","18":"product-type-simple"},"_links":{"self":[{"href":"https:\/\/lucacastelli.com\/de\/wp-json\/wp\/v2\/product\/613820","targetHints":{"allow":["GET"]}}],"collection":[{"href":"https:\/\/lucacastelli.com\/de\/wp-json\/wp\/v2\/product"}],"about":[{"href":"https:\/\/lucacastelli.com\/de\/wp-json\/wp\/v2\/types\/product"}],"wp:featuredmedia":[{"embeddable":true,"href":"https:\/\/lucacastelli.com\/de\/wp-json\/wp\/v2\/media\/540412"}],"wp:attachment":[{"href":"https:\/\/lucacastelli.com\/de\/wp-json\/wp\/v2\/media?parent=613820"}],"wp:term":[{"taxonomy":"product_brand","embeddable":true,"href":"https:\/\/lucacastelli.com\/de\/wp-json\/wp\/v2\/product_brand?post=613820"},{"taxonomy":"product_cat","embeddable":true,"href":"https:\/\/lucacastelli.com\/de\/wp-json\/wp\/v2\/product_cat?post=613820"},{"taxonomy":"product_tag","embeddable":true,"href":"https:\/\/lucacastelli.com\/de\/wp-json\/wp\/v2\/product_tag?post=613820"}],"curies":[{"name":"wp","href":"https:\/\/api.w.org\/{rel}","templated":true}]}}