{"id":613812,"date":"2025-08-09T20:07:28","date_gmt":"2025-08-09T18:07:28","guid":{"rendered":"https:\/\/lucacastelli.com\/prodotto\/milwaukee-japanische-zange-mit-flachem-ende\/"},"modified":"2025-08-09T20:07:28","modified_gmt":"2025-08-09T18:07:28","slug":"milwaukee-japanische-zange-mit-flachem-ende","status":"publish","type":"product","link":"https:\/\/lucacastelli.com\/de\/produkt\/milwaukee-japanische-zange-mit-flachem-ende\/","title":{"rendered":"Milwaukee &#8221;Japanische&#8221; Zange mit flachem Ende"},"content":{"rendered":"<p>JAPANISCHER NAGELHEBEL ESTR FLAT254mm<br \/>\nSchlankes Ende f\u00fcr Anwendungen in engen R\u00e4umen wie z.B. Sockelleisten;Das Design erm\u00f6glicht ein einfaches Entfernen der N\u00e4gel und minimiert die Besch\u00e4digung der Oberfl\u00e4che;Der Griff reduziert die Vibration erheblich<\/p>\n","protected":false},"excerpt":{"rendered":"<p>JAPANISCHES GER\u00c4T LEVELLER EXTR FLAT254mm<\/p>\n","protected":false},"featured_media":540421,"template":"","meta":{"_seopress_robots_primary_cat":"","_seopress_titles_title":"","_seopress_titles_desc":"","_seopress_robots_index":""},"product_brand":[3407],"product_cat":[5416,33],"product_tag":[3270],"class_list":{"0":"post-613812","1":"product","2":"type-product","3":"status-publish","4":"has-post-thumbnail","6":"product_brand-milwaukee","7":"product_cat-utensili-per-officina","8":"product_cat-attrezzature","9":"product_tag-import-milwau","10":"sws-conto-ricavi-merci-rivendita-macchinari-de","11":"sws-gruppo-iva-iva81-de","13":"first","14":"onbackorder","15":"sale","16":"shipping-taxable","17":"purchasable","18":"product-type-simple"},"_links":{"self":[{"href":"https:\/\/lucacastelli.com\/de\/wp-json\/wp\/v2\/product\/613812","targetHints":{"allow":["GET"]}}],"collection":[{"href":"https:\/\/lucacastelli.com\/de\/wp-json\/wp\/v2\/product"}],"about":[{"href":"https:\/\/lucacastelli.com\/de\/wp-json\/wp\/v2\/types\/product"}],"wp:featuredmedia":[{"embeddable":true,"href":"https:\/\/lucacastelli.com\/de\/wp-json\/wp\/v2\/media\/540421"}],"wp:attachment":[{"href":"https:\/\/lucacastelli.com\/de\/wp-json\/wp\/v2\/media?parent=613812"}],"wp:term":[{"taxonomy":"product_brand","embeddable":true,"href":"https:\/\/lucacastelli.com\/de\/wp-json\/wp\/v2\/product_brand?post=613812"},{"taxonomy":"product_cat","embeddable":true,"href":"https:\/\/lucacastelli.com\/de\/wp-json\/wp\/v2\/product_cat?post=613812"},{"taxonomy":"product_tag","embeddable":true,"href":"https:\/\/lucacastelli.com\/de\/wp-json\/wp\/v2\/product_tag?post=613812"}],"curies":[{"name":"wp","href":"https:\/\/api.w.org\/{rel}","templated":true}]}}