{"id":613810,"date":"2025-08-09T20:07:26","date_gmt":"2025-08-09T18:07:26","guid":{"rendered":"https:\/\/lucacastelli.com\/prodotto\/milwaukee-hebel-mit-schraegem-ende-6\/"},"modified":"2025-08-09T20:07:26","modified_gmt":"2025-08-09T18:07:26","slug":"milwaukee-hebel-mit-schraegem-ende-6","status":"publish","type":"product","link":"https:\/\/lucacastelli.com\/de\/produkt\/milwaukee-hebel-mit-schraegem-ende-6\/","title":{"rendered":"Milwaukee Hebel mit schr\u00e4gem Ende"},"content":{"rendered":"<p>HEBEL MIT EINGESCHLOSSENER VERL\u00c4NGERUNG 900 mm<br \/>\nDas Design ist auf maximale Haltbarkeit ausgelegt.;Der innenliegende Metallkern garantiert eine bis zu 40 % l\u00e4ngere Lebensdauer.;Robustes Ende zum Einschlagen in engen R\u00e4umen.;Dreiseitiger Griff f\u00fcr maximale Griffigkeit.;Verchromung f\u00fcr erh\u00f6hte Haltbarkeit.;Flacher Schaft zur Verringerung von Sch\u00e4den beim Ziehen von N\u00e4geln.<\/p>\n<p>4932480599<br \/>\n4058546408848<\/p>\n","protected":false},"excerpt":{"rendered":"<p>HEBEL MIT EINGESCHLOSSENER VERL\u00c4NGERUNG 900 mm<\/p>\n","protected":false},"featured_media":552697,"template":"","meta":{"_seopress_robots_primary_cat":"","_seopress_titles_title":"","_seopress_titles_desc":"","_seopress_robots_index":""},"product_brand":[3407],"product_cat":[5416,33],"product_tag":[3270],"class_list":{"0":"post-613810","1":"product","2":"type-product","3":"status-publish","4":"has-post-thumbnail","6":"product_brand-milwaukee","7":"product_cat-utensili-per-officina","8":"product_cat-attrezzature","9":"product_tag-import-milwau","10":"sws-conto-ricavi-merci-rivendita-macchinari-de","11":"sws-gruppo-iva-iva81-de","13":"first","14":"onbackorder","15":"sale","16":"shipping-taxable","17":"purchasable","18":"product-type-simple"},"_links":{"self":[{"href":"https:\/\/lucacastelli.com\/de\/wp-json\/wp\/v2\/product\/613810","targetHints":{"allow":["GET"]}}],"collection":[{"href":"https:\/\/lucacastelli.com\/de\/wp-json\/wp\/v2\/product"}],"about":[{"href":"https:\/\/lucacastelli.com\/de\/wp-json\/wp\/v2\/types\/product"}],"wp:featuredmedia":[{"embeddable":true,"href":"https:\/\/lucacastelli.com\/de\/wp-json\/wp\/v2\/media\/552697"}],"wp:attachment":[{"href":"https:\/\/lucacastelli.com\/de\/wp-json\/wp\/v2\/media?parent=613810"}],"wp:term":[{"taxonomy":"product_brand","embeddable":true,"href":"https:\/\/lucacastelli.com\/de\/wp-json\/wp\/v2\/product_brand?post=613810"},{"taxonomy":"product_cat","embeddable":true,"href":"https:\/\/lucacastelli.com\/de\/wp-json\/wp\/v2\/product_cat?post=613810"},{"taxonomy":"product_tag","embeddable":true,"href":"https:\/\/lucacastelli.com\/de\/wp-json\/wp\/v2\/product_tag?post=613810"}],"curies":[{"name":"wp","href":"https:\/\/api.w.org\/{rel}","templated":true}]}}