{"id":613795,"date":"2025-08-09T20:02:31","date_gmt":"2025-08-09T18:02:31","guid":{"rendered":"https:\/\/lucacastelli.com\/prodotto\/milwaukee-hebel-mit-schraegem-ende-2\/"},"modified":"2025-08-09T20:02:31","modified_gmt":"2025-08-09T18:02:31","slug":"milwaukee-hebel-mit-schraegem-ende-2","status":"publish","type":"product","link":"https:\/\/lucacastelli.com\/de\/produkt\/milwaukee-hebel-mit-schraegem-ende-2\/","title":{"rendered":"Milwaukee Hebel mit schr\u00e4gem Ende"},"content":{"rendered":"<p>HEBEL MIT EINGESCHLOSSENER VERL\u00c4NGERUNG 300 mm<br \/>\nDesign f\u00fcr maximale Haltbarkeit; Metallkern sorgt f\u00fcr bis zu 40 % mehr Haltbarkeit; Starkes Ende zum Einschlagen in engen R\u00e4umen; Dreiseitiger Griff f\u00fcr maximalen Halt; Verchromt f\u00fcr Langlebigkeit; Flaches Enddesign reduziert Sch\u00e4den beim Entfernen von N\u00e4geln<\/p>\n<p>4932480596<br \/>\n4058546408817<\/p>\n","protected":false},"excerpt":{"rendered":"<p>HEBEL MIT EINGESETZTER VERL\u00c4NGERUNG 300 mm<\/p>\n","protected":false},"featured_media":552674,"template":"","meta":{"_seopress_robots_primary_cat":"","_seopress_titles_title":"","_seopress_titles_desc":"","_seopress_robots_index":""},"product_brand":[3407],"product_cat":[5416,33],"product_tag":[3270],"class_list":{"0":"post-613795","1":"product","2":"type-product","3":"status-publish","4":"has-post-thumbnail","6":"product_brand-milwaukee","7":"product_cat-utensili-per-officina","8":"product_cat-attrezzature","9":"product_tag-import-milwau","10":"sws-conto-ricavi-merci-rivendita-macchinari-de","11":"sws-gruppo-iva-iva81-de","13":"first","14":"onbackorder","15":"sale","16":"shipping-taxable","17":"purchasable","18":"product-type-simple"},"_links":{"self":[{"href":"https:\/\/lucacastelli.com\/de\/wp-json\/wp\/v2\/product\/613795","targetHints":{"allow":["GET"]}}],"collection":[{"href":"https:\/\/lucacastelli.com\/de\/wp-json\/wp\/v2\/product"}],"about":[{"href":"https:\/\/lucacastelli.com\/de\/wp-json\/wp\/v2\/types\/product"}],"wp:featuredmedia":[{"embeddable":true,"href":"https:\/\/lucacastelli.com\/de\/wp-json\/wp\/v2\/media\/552674"}],"wp:attachment":[{"href":"https:\/\/lucacastelli.com\/de\/wp-json\/wp\/v2\/media?parent=613795"}],"wp:term":[{"taxonomy":"product_brand","embeddable":true,"href":"https:\/\/lucacastelli.com\/de\/wp-json\/wp\/v2\/product_brand?post=613795"},{"taxonomy":"product_cat","embeddable":true,"href":"https:\/\/lucacastelli.com\/de\/wp-json\/wp\/v2\/product_cat?post=613795"},{"taxonomy":"product_tag","embeddable":true,"href":"https:\/\/lucacastelli.com\/de\/wp-json\/wp\/v2\/product_tag?post=613795"}],"curies":[{"name":"wp","href":"https:\/\/api.w.org\/{rel}","templated":true}]}}