{"id":613781,"date":"2025-08-09T20:02:27","date_gmt":"2025-08-09T18:02:27","guid":{"rendered":"https:\/\/lucacastelli.com\/prodotto\/milwaukee-glasfaserstielhammer-deutscher-bauart-3\/"},"modified":"2025-08-09T20:02:27","modified_gmt":"2025-08-09T18:02:27","slug":"milwaukee-glasfaserstielhammer-deutscher-bauart-3","status":"publish","type":"product","link":"https:\/\/lucacastelli.com\/de\/produkt\/milwaukee-glasfaserstielhammer-deutscher-bauart-3\/","title":{"rendered":"Milwaukee Glasfaserstielhammer deutscher Bauart"},"content":{"rendered":"<p>MART GLASFASERGRIFF DEUTSCHLAND TYP300g<br \/>\nGlasfaserverst\u00e4rkter Griff;Haltbarer Griff und maximale Griffigkeit;Verst\u00e4rkter Kopf f\u00fcr Langlebigkeit;Perfekte Balance;DIN 1041<\/p>\n<p>4932478662<br \/>\n4058546348557<\/p>\n","protected":false},"excerpt":{"rendered":"<p>MART FIBRE GLASS HANDLE GERMAN TYPE300g<\/p>\n","protected":false},"featured_media":541556,"template":"","meta":{"_seopress_robots_primary_cat":"","_seopress_titles_title":"","_seopress_titles_desc":"","_seopress_robots_index":""},"product_brand":[3407],"product_cat":[5416,33],"product_tag":[3270],"class_list":{"0":"post-613781","1":"product","2":"type-product","3":"status-publish","4":"has-post-thumbnail","6":"product_brand-milwaukee","7":"product_cat-utensili-per-officina","8":"product_cat-attrezzature","9":"product_tag-import-milwau","10":"sws-conto-ricavi-merci-rivendita-macchinari-de","11":"sws-gruppo-iva-iva81-de","13":"first","14":"onbackorder","15":"sale","16":"shipping-taxable","17":"purchasable","18":"product-type-simple"},"_links":{"self":[{"href":"https:\/\/lucacastelli.com\/de\/wp-json\/wp\/v2\/product\/613781","targetHints":{"allow":["GET"]}}],"collection":[{"href":"https:\/\/lucacastelli.com\/de\/wp-json\/wp\/v2\/product"}],"about":[{"href":"https:\/\/lucacastelli.com\/de\/wp-json\/wp\/v2\/types\/product"}],"wp:featuredmedia":[{"embeddable":true,"href":"https:\/\/lucacastelli.com\/de\/wp-json\/wp\/v2\/media\/541556"}],"wp:attachment":[{"href":"https:\/\/lucacastelli.com\/de\/wp-json\/wp\/v2\/media?parent=613781"}],"wp:term":[{"taxonomy":"product_brand","embeddable":true,"href":"https:\/\/lucacastelli.com\/de\/wp-json\/wp\/v2\/product_brand?post=613781"},{"taxonomy":"product_cat","embeddable":true,"href":"https:\/\/lucacastelli.com\/de\/wp-json\/wp\/v2\/product_cat?post=613781"},{"taxonomy":"product_tag","embeddable":true,"href":"https:\/\/lucacastelli.com\/de\/wp-json\/wp\/v2\/product_tag?post=613781"}],"curies":[{"name":"wp","href":"https:\/\/api.w.org\/{rel}","templated":true}]}}