{"id":613751,"date":"2025-08-09T19:53:11","date_gmt":"2025-08-09T17:53:11","guid":{"rendered":"https:\/\/lucacastelli.com\/prodotto\/milwaukee-gewebe-schleifbaender-330-x-10-und-457-x-13-mm-6\/"},"modified":"2025-08-09T19:53:11","modified_gmt":"2025-08-09T17:53:11","slug":"milwaukee-gewebe-schleifbaender-330-x-10-und-457-x-13-mm-6","status":"publish","type":"product","link":"https:\/\/lucacastelli.com\/de\/produkt\/milwaukee-gewebe-schleifbaender-330-x-10-und-457-x-13-mm-6\/","title":{"rendered":"Milwaukee Gewebe-Schleifb\u00e4nder 330 x 10 und 457 x 13 mm"},"content":{"rendered":"<p>ABR TAPE 10x330MM GROSSOLAN &#8211; 5pcs<br \/>\nB\u00e4nder aus Nylonvlies mit Schleifk\u00f6rnern zur Oberfl\u00e4chenbearbeitung ohne Besch\u00e4digung oder Entfernung des Grundmaterials, zum Schleifen, Entgraten, Mattieren und Finishen auf allen Metallen (auch Edelstahl)<\/p>\n<p>4932492877 4058546477486<\/p>\n","protected":false},"excerpt":{"rendered":"<p>ABR TAPE 10x330MM GROSSOLAN &#8211; 5pcs.<\/p>\n","protected":false},"featured_media":558759,"template":"","meta":{"_seopress_robots_primary_cat":"","_seopress_titles_title":"","_seopress_titles_desc":"","_seopress_robots_index":""},"product_brand":[3407],"product_cat":[5416,33],"product_tag":[3270],"class_list":{"0":"post-613751","1":"product","2":"type-product","3":"status-publish","4":"has-post-thumbnail","6":"product_brand-milwaukee","7":"product_cat-utensili-per-officina","8":"product_cat-attrezzature","9":"product_tag-import-milwau","10":"sws-conto-ricavi-merci-rivendita-macchinari-de","11":"sws-gruppo-iva-iva81-de","13":"first","14":"onbackorder","15":"sale","16":"shipping-taxable","17":"purchasable","18":"product-type-simple"},"_links":{"self":[{"href":"https:\/\/lucacastelli.com\/de\/wp-json\/wp\/v2\/product\/613751","targetHints":{"allow":["GET"]}}],"collection":[{"href":"https:\/\/lucacastelli.com\/de\/wp-json\/wp\/v2\/product"}],"about":[{"href":"https:\/\/lucacastelli.com\/de\/wp-json\/wp\/v2\/types\/product"}],"wp:featuredmedia":[{"embeddable":true,"href":"https:\/\/lucacastelli.com\/de\/wp-json\/wp\/v2\/media\/558759"}],"wp:attachment":[{"href":"https:\/\/lucacastelli.com\/de\/wp-json\/wp\/v2\/media?parent=613751"}],"wp:term":[{"taxonomy":"product_brand","embeddable":true,"href":"https:\/\/lucacastelli.com\/de\/wp-json\/wp\/v2\/product_brand?post=613751"},{"taxonomy":"product_cat","embeddable":true,"href":"https:\/\/lucacastelli.com\/de\/wp-json\/wp\/v2\/product_cat?post=613751"},{"taxonomy":"product_tag","embeddable":true,"href":"https:\/\/lucacastelli.com\/de\/wp-json\/wp\/v2\/product_tag?post=613751"}],"curies":[{"name":"wp","href":"https:\/\/api.w.org\/{rel}","templated":true}]}}